{"id":52,"date":"2019-07-30T09:07:25","date_gmt":"2019-07-30T09:07:25","guid":{"rendered":"https:\/\/magecloud.agency\/?page_id=52"},"modified":"2022-05-26T10:10:25","modified_gmt":"2022-05-26T10:10:25","slug":"magento-support-og-vedligeholdelse","status":"publish","type":"page","link":"https:\/\/magecloud.agency\/dk\/magento-support-og-vedligeholdelse\/","title":{"rendered":"Magento Vedligeholdelse"},"content":{"rendered":"<h2 style=\"text-align: left;\">Magento hj\u00e6lp og vedligeholdelse<\/h2>\n<p>&nbsp;<\/p>\n<p style=\"text-align: left;\">Magento \u00e6ndrer sig l\u00f8bende med diverse nye versioner og opdateringer, men dine 3-parts udvidelser og moduler kr\u00e6ver ogs\u00e5 opdatering. Mange af opdateringerne indeholder nye funktioner og funktionaliteter. Skal Magento k\u00f8re optimalt og performe sit bedste, skal du derfor have 100% fokus p\u00e5 din Magento vedligeholdelse &#8211; ellers risikerer du, din webshop bliver for\u00e6ldet. Det kan i v\u00e6rste tilf\u00e6lde betyde, at den er mere s\u00e5rbar for cyberangreb, og du kan dermed risikerer databrud eller nedbrud af din webshop. Det er nok de f\u00e6rreste, der \u00f8nsker at opleve.<\/p>\n<p>&nbsp;<\/p>\n<p style=\"text-align: left;\">Du skal gerne kunne leve af din forretning og har derfor brug for tid til at udvikle din forretning, yde en god kundeservice og optimere salget. Derfor er det rette enten at ans\u00e6tte en in-house medarbejder til Magento vedligeholdelse eller simpelthen at out-source vedligeholdelsen af din Magento webshop til et certificeret Magento webbureau.<\/p>\n<p>&nbsp;<\/p>\n<p style=\"text-align: left;\">Vi har som proaktivt Magento bureau i mange \u00e5r benyttet vores m\u00e5ned til m\u00e5ned proces &#8211; til stor succes for vores kunder. Resultatet med en l\u00f8bende m\u00e5ned til m\u00e5ned vedligeholdelsesaftale, betyder du som kunde hos Magecloud fort\u00e6ller os &#8211; hvor mange timer du vil bruge pr. m\u00e5ned p\u00e5 Magento vedligeholdelse. Vi vil selvf\u00f8lgelig l\u00f8bende komme med anbefalinger til, hvad der kan forbedres p\u00e5 din webshop<\/p>\n<p>&nbsp;<\/p>\n<h2 style=\"text-align: left;\">Vi vedligeholder og tilbyder Support af Magento webshops<\/h2>\n<p>&nbsp;<\/p>\n<p style=\"text-align: left;\">Bliver dine bes\u00f8gende m\u00f8dt af en langsom Magento webshop, shopper de videre andre steder. S\u00e5dan er brugeradf\u00e6rden i dag! Men det er jo ikke meningen med din online forretning. Derfor skal du sikre dig, din webshop ikke har lang indl\u00e6sningstid, d\u00f8de links, og bugs. Har du det vil det skr\u00e6mme potentielle kunder v\u00e6k. <span style=\"color: #333333;\">Vores team af designere og udviklere kender alle aspekter af Magento fra serversikkerhed til kodning og er Top Rated for den h\u00f8je kvalitet i deres arbejde og kodning.<\/span><\/p>\n<p>&nbsp;<\/p>\n<p style=\"text-align: left;\">Har du allerede fejl i din eksisterende Magento webshop, kan vi analysere din shop, finde fejlene og fort\u00e6lle dig, hvilke fejl der er, hvorfor og s\u00e5 er det op til dig, om du vil benytte dig af vores l\u00f8bende Magento support.<\/p>\n<p>&nbsp;<\/p>\n<h2 style=\"margin-top: 20px; text-align: left;\"><span style=\"color: #333333;\"><b>Magento Full Stack udvikler<\/b><\/span><\/h2>\n<p>&nbsp;<\/p>\n<p style=\"text-align: left;\"><span style=\"color: #333333;\"><span style=\"font-weight: 400;\">Som Full Stack udvikler bev\u00e6ger vi os i alle lagene i Magento udvikling og Magento support. Vi s\u00e6tter os ind i din problemstilling og oms\u00e6tter dine behov til en l\u00f8sning. Vi er Amazon AWS og Google Cloud tekniske partnere. Og ikke mindst UKFast support partner. <\/span><\/span><\/p>\n<p>&nbsp;<\/p>\n<p>&nbsp;<\/p>\n<div class=\"row\" style=\"text-align: left;\">\n<table style=\"border-collapse: collapse; width: 100%; height: 150px;\">\n<tbody>\n<tr style=\"height: 24px;\">\n<td style=\"width: 30.0724%; vertical-align: top; height: 24px;\"><\/td>\n<td style=\"width: 69.9276%; vertical-align: top; height: 24px;\">\n<h2 class=\"top-title\" style=\"text-align: left; margin-top: 40px;\"><b>Magento Vedligeholdelse &amp; Support<\/b><\/h2>\n<p>&nbsp;<\/td>\n<\/tr>\n<tr style=\"height: 24px;\">\n<td style=\"width: 30.0724%; vertical-align: top; height: 78px; text-align: left;\"><span style=\"color: #333333;\"><img decoding=\"async\" class=\"aligncenter wp-image-3849 size-full\" src=\"https:\/\/magecloud.agency\/wp-content\/uploads\/2020\/10\/Data-Migration-1-3.png\" alt=\"\" width=\"200\" height=\"160\" \/><\/span><\/td>\n<td style=\"width: 69.9276%; vertical-align: top; height: 78px;\">\n<h4 class=\"content-title\" style=\"text-align: left;\"><strong><span style=\"color: #333333;\">Magento Datasikkerhed\u00a0<\/span><\/strong><\/h4>\n<p>&nbsp;<\/p>\n<p>Sikkerheden p\u00e5 en Magento server, beskytter al den information, du kan f\u00e5 adgang til gennem serveren. En h\u00f8j, Magento hosting, serversikkerhed er yderst vigtig for enhver virksomhed, der har en fysisk eller virtuel server forbundet til internettet. Det kr\u00e6ver flere lag af beskyttelse, og det er s\u00e6rlig vigtigt for virksomheder, der har webshops og skal beskytte deres kundedata.<\/p>\n<p>&nbsp;<\/p>\n<p>&nbsp;<\/td>\n<\/tr>\n<tr style=\"height: 32px;\">\n<td style=\"width: 30.0724%; vertical-align: top; height: 24px;\"><span style=\"color: #333333;\"><img decoding=\"async\" class=\"aligncenter wp-image-3801 size-full\" src=\"https:\/\/magecloud.agency\/wp-content\/uploads\/2020\/10\/Security-Patches-M-1.png\" alt=\"\" width=\"118\" height=\"129\" \/><\/span><\/td>\n<td style=\"width: 69.9276%; vertical-align: top; height: 24px;\">\n<h4 class=\"span3 offset1 a-center\" style=\"text-align: left;\"><strong><span style=\"color: #333333;\">Magento Opdateringer<\/span><\/strong><\/h4>\n<p>&nbsp;<\/p>\n<div class=\"span8\">\n<p>Magento frigiver j\u00e6vnligt nye opdateringer og ofte flere gange om \u00e5ret. Vi sikrer, din Magento webshop er opdateret til seneste version, og at systemet efterf\u00f8lgende fungerer fejlfrit og sikkert. Det er vigtigt at holde din Magento version og udvidelser opdateret for at give dine brugere en optimal brugeroplevelse.<\/p>\n<p>&nbsp;<\/p>\n<p>N\u00e5r du s\u00f8rger for at holde Magento opdateret, vil du ikke opleve, sikkerhedsfejl eller for\u00e6ldede funktioner. Du sikrer ogs\u00e5, at den overordnede stabilitet ikke \u00e6ndrer sig. Vores team af certificeret Magento udviklere, sikrer, at de nye funktioner integreres korrekt. De administrerer eksisterende udvidelser, tjekker for opdateringerne og foretager de n\u00f8dvendige \u00e6ndringer. Vi installerer sikkerhedsopdateringer i Magento for at beskytte dine webshop data. Dette er vigtigt, da det er et af de prim\u00e6re m\u00e5der, n\u00e5r der skal l\u00f8ses sikkerhedsproblemer i softwaren og dermed undg\u00e5 fremtidige s\u00e5rbarheder i webshoppen.<\/p>\n<p>&nbsp;<\/p>\n<\/div>\n<p>&nbsp;<\/p>\n<p>&nbsp;<\/td>\n<\/tr>\n<tr style=\"height: 24px;\">\n<td style=\"width: 30.0724%; vertical-align: top; height: 24px;\"><span style=\"color: #333333;\"><img decoding=\"async\" class=\"aligncenter wp-image-3792 size-full\" src=\"https:\/\/magecloud.agency\/wp-content\/uploads\/2020\/10\/Technical-Support-S-1.png\" alt=\"\" width=\"99\" height=\"103\" \/><\/span><\/td>\n<td style=\"width: 69.9276%; vertical-align: top; height: 24px;\">\n<h4 class=\"content-title\" style=\"text-align: left;\"><strong><span style=\"color: #333333;\">Support af Magento webshops og server<\/span><\/strong><\/h4>\n<p>&nbsp;<\/p>\n<p>Vi hj\u00e6lper dig med at f\u00e5 diagnosticeret og l\u00f8ser, b\u00e5de funktionelle og visuelle problemer i Magento back-end og front-end. Serverproblemer hos din Magento Hosting Provider. Vores team af certificeret Magento udviklere er altid parate til at l\u00f8se problemerne hurtigst muligt, og vi stopper ikke, f\u00f8r du er tilfreds. Vi har et t\u00e6t samarbejde med de f\u00f8rende indenfor Magento Hosting i Danmark, men ogs\u00e5 internationalt f.eks. Amazon AWS, Google Cloud Platform.<\/p>\n<p>&nbsp;<\/p>\n<p>&nbsp;<\/td>\n<\/tr>\n<\/tbody>\n<\/table>\n<h2><\/h2>\n<\/div>\n<p style=\"text-align: center;\"><span style=\"font-weight: 400; color: #333333;\"><strong>***<\/strong><\/span><\/p>\n<h3><\/h3>\n<h4><\/h4>\n<p>&nbsp;<\/p>\n<h4 style=\"text-align: left;\"><strong>Vi er et certificeret Magento udvikler af Magento webshops og Top Rated som Magento Webbureau p\u00e5 Upwork.com<\/strong><\/h4>\n<p style=\"text-align: left;\">Kontakt vores danske salgskontor p\u00e5 +4530309624 og h\u00f8r mere.<br \/>\nDu kan ogs\u00e5 kontakte os ved at <a href=\"https:\/\/magecloud.agency\/dk\/kontakt-magecloud\/\">udfylde vores kontaktformular<\/a>. Eller skriv en mail til\u00a0<a href=\"mailto:info@magecloud.net\">info@magecloud.net<\/a>.<\/p>\n<p>&nbsp;<\/p>\n<h4 style=\"text-align: left;\"><strong>Hvad kan vi som, Top-Rated Magento udvikler kan hj\u00e6lpe dig med?<\/strong><\/h4>\n<p>&nbsp;<\/p>\n<p>&nbsp;<\/p>\n<div class=\"container_full main_blockwedo\" style=\"padding: 0\"><ul class=\"main_blockwedo_list\">\n            <li>\n                <div class=\"main_blockwedo_list_img\">\n                    <a href=\"\/dk\/opgrader-til-magento-2\/\">\n                        <img decoding=\"async\" class=\"branwdo\" src=\"https:\/\/magecloud.agency\/dk\/wp-content\/uploads\/sites\/3\/2020\/12\/Migration-to-Magento-2.png\"\n                             alt=\"Migrering til Magento 2\"\n                             title=\"Migrering til Magento 2\"><\/a>\n                <\/div>\n                <div class=\"main_blockwedo_list_title\">\n                    <a href=\"\/dk\/opgrader-til-magento-2\/\">\n                        <h5>Migrering til Magento 2<\/h5><\/a>\n                <\/div>\n\n                <div class=\"main_blockwedo_list_text\">Migrering til Magento 2<\/div>\n            <\/li>\n            <li>\n                <div class=\"main_blockwedo_list_img\">\n                    <a href=\"\/dk\/magento-teknisk-seo-analyse\/\">\n                        <img decoding=\"async\" class=\"branwdo\" src=\"https:\/\/magecloud.agency\/dk\/wp-content\/uploads\/sites\/3\/2021\/12\/Site-Audit-magento.png\"\n                             alt=\"Magento Teknisk SEO Analyse\"\n                             title=\"Magento Teknisk SEO Analyse\"><\/a>\n                <\/div>\n                <div class=\"main_blockwedo_list_title\">\n                    <a href=\"\/dk\/magento-teknisk-seo-analyse\/\">\n                        <h5>Magento Teknisk SEO Analyse<\/h5><\/a>\n                <\/div>\n\n                <div class=\"main_blockwedo_list_text\">Magento Teknisk SEO Analyse<\/div>\n            <\/li>\n            <li>\n                <div class=\"main_blockwedo_list_img\">\n                    <a href=\"\/dk\/magento-design\/\">\n                        <img decoding=\"async\" class=\"branwdo\" src=\"https:\/\/magecloud.agency\/dk\/wp-content\/uploads\/sites\/3\/2020\/12\/Magento-Design.png\"\n                             alt=\"Magento Design\"\n                             title=\"Magento Design\"><\/a>\n                <\/div>\n                <div class=\"main_blockwedo_list_title\">\n                    <a href=\"\/dk\/magento-design\/\">\n                        <h5>Magento Design<\/h5><\/a>\n                <\/div>\n\n                <div class=\"main_blockwedo_list_text\">Magento Design<\/div>\n            <\/li>\n            <li>\n                <div class=\"main_blockwedo_list_img\">\n                    <a href=\"\/dk\/magento-udvikler\/\">\n                        <img decoding=\"async\" class=\"branwdo\" src=\"https:\/\/magecloud.agency\/dk\/wp-content\/uploads\/sites\/3\/2020\/12\/Magento-Development.png\"\n                             alt=\"Magento Udvikling\"\n                             title=\"Magento Udvikling\"><\/a>\n                <\/div>\n                <div class=\"main_blockwedo_list_title\">\n                    <a href=\"\/dk\/magento-udvikler\/\">\n                        <h5>Magento Udvikling<\/h5><\/a>\n                <\/div>\n\n                <div class=\"main_blockwedo_list_text\">Magento Udvikling<\/div>\n            <\/li>\n            <li>\n                <div class=\"main_blockwedo_list_img\">\n                    <a href=\"\/dk\/magento-seo-optimering\/\">\n                        <img decoding=\"async\" class=\"branwdo\" src=\"https:\/\/magecloud.agency\/dk\/wp-content\/uploads\/sites\/3\/2020\/12\/Magento-SEOSEM.png\"\n                             alt=\"Magento SEO\"\n                             title=\"Magento SEO\"><\/a>\n                <\/div>\n                <div class=\"main_blockwedo_list_title\">\n                    <a href=\"\/dk\/magento-seo-optimering\/\">\n                        <h5>Magento SEO<\/h5><\/a>\n                <\/div>\n\n                <div class=\"main_blockwedo_list_text\">Magento SEO<\/div>\n            <\/li>\n            <li>\n                <div class=\"main_blockwedo_list_img\">\n                    <a href=\"\/dk\/magento-hastighedsoptimering\/\">\n                        <img decoding=\"async\" class=\"branwdo\" src=\"https:\/\/magecloud.agency\/dk\/wp-content\/uploads\/sites\/3\/2020\/12\/Magento-Speed-Optimization.png\"\n                             alt=\"Magento Hastighedsoptimering\"\n                             title=\"Magento Hastighedsoptimering\"><\/a>\n                <\/div>\n                <div class=\"main_blockwedo_list_title\">\n                    <a href=\"\/dk\/magento-hastighedsoptimering\/\">\n                        <h5>Magento Hastighedsoptimering<\/h5><\/a>\n                <\/div>\n\n                <div class=\"main_blockwedo_list_text\">Magento Hastighedsoptimering<\/div>\n            <\/li>\n            <li>\n                <div class=\"main_blockwedo_list_img\">\n                    <a href=\"\/dk\/magento-sikkerhed\/\">\n                        <img decoding=\"async\" class=\"branwdo\" src=\"https:\/\/magecloud.agency\/dk\/wp-content\/uploads\/sites\/3\/2020\/12\/Magento-Security-Review.png\"\n                             alt=\"Magento Sikkerhed\"\n                             title=\"Magento Sikkerhed\"><\/a>\n                <\/div>\n                <div class=\"main_blockwedo_list_title\">\n                    <a href=\"\/dk\/magento-sikkerhed\/\">\n                        <h5>Magento Sikkerhed<\/h5><\/a>\n                <\/div>\n\n                <div class=\"main_blockwedo_list_text\">Magento Sikkerhed<\/div>\n            <\/li>\n            <li>\n                <div class=\"main_blockwedo_list_img\">\n                    <a href=\"\/dk\/magento-support-og-vedligeholdelse\/\">\n                        <img decoding=\"async\" class=\"branwdo\" src=\"https:\/\/magecloud.agency\/dk\/wp-content\/uploads\/sites\/3\/2021\/12\/Outgoing-support-magento.png\"\n                             alt=\"Magento Vedligeholdelse\"\n                             title=\"Magento Vedligeholdelse\"><\/a>\n                <\/div>\n                <div class=\"main_blockwedo_list_title\">\n                    <a href=\"\/dk\/magento-support-og-vedligeholdelse\/\">\n                        <h5>Magento Vedligeholdelse<\/h5><\/a>\n                <\/div>\n\n                <div class=\"main_blockwedo_list_text\">Magento Vedligeholdelse<\/div>\n            <\/li><\/ul><\/div>\n","protected":false},"excerpt":{"rendered":"Magento hj\u00e6lp og vedligeholdelse &nbsp; Magento \u00e6ndrer sig l\u00f8bende med diverse nye versioner og opdateringer, men dine 3-parts udvidelser og moduler kr\u00e6ver ogs\u00e5 opdatering. Mange af opdateringerne indeholder nye funktioner og funktionaliteter. Skal Magento k\u00f8re optimalt og performe sit bedste, skal du derfor have 100% fokus p\u00e5 din Magento vedligeholdelse &#8211; ellers risikerer du, din&hellip;","protected":false},"author":1,"featured_media":0,"parent":0,"menu_order":6,"comment_status":"closed","ping_status":"closed","template":"","meta":{"_acf_changed":false,"inline_featured_image":false,"footnotes":""},"class_list":["post-52","page","type-page","status-publish","hentry"],"acf":[],"yoast_head":"<!-- This site is optimized with the Yoast SEO plugin v25.3 - https:\/\/yoast.com\/wordpress\/plugins\/seo\/ -->\n<title>F\u00e5 Magento hj\u00e6lp af certificeret Magento 2 udvikler<\/title>\n<meta name=\"description\" content=\"Over 15 \u00e5rs erfaring i Magento hj\u00e6lp &amp; Support? F\u00e5 hj\u00e6lp af Top Rated og certificeret Magento 2 udvikler. Vi sikrer din Magento ikke fejler!\" \/>\n<meta name=\"robots\" content=\"index, follow, max-snippet:-1, max-image-preview:large, max-video-preview:-1\" \/>\n<link rel=\"canonical\" href=\"https:\/\/magecloud.agency\/dk\/magento-support-og-vedligeholdelse\/\" \/>\n<meta property=\"og:locale\" content=\"en_US\" \/>\n<meta property=\"og:type\" content=\"article\" \/>\n<meta property=\"og:title\" content=\"F\u00e5 Magento hj\u00e6lp af certificeret Magento 2 udvikler\" \/>\n<meta property=\"og:description\" content=\"Over 15 \u00e5rs erfaring i Magento hj\u00e6lp &amp; Support? F\u00e5 hj\u00e6lp af Top Rated og certificeret Magento 2 udvikler. Vi sikrer din Magento ikke fejler!\" \/>\n<meta property=\"og:url\" content=\"https:\/\/magecloud.agency\/dk\/magento-support-og-vedligeholdelse\/\" \/>\n<meta property=\"og:site_name\" content=\"MageCloud DK\" \/>\n<meta property=\"article:modified_time\" content=\"2022-05-26T10:10:25+00:00\" \/>\n<meta property=\"og:image\" content=\"https:\/\/magecloud.agency\/wp-content\/uploads\/2020\/10\/Data-Migration-1-3.png\" \/>\n<meta name=\"twitter:card\" content=\"summary_large_image\" \/>\n<meta name=\"twitter:label1\" content=\"Est. reading time\" \/>\n\t<meta name=\"twitter:data1\" content=\"4 minutes\" \/>\n<script type=\"application\/ld+json\" class=\"yoast-schema-graph\">{\"@context\":\"https:\/\/schema.org\",\"@graph\":[{\"@type\":\"WebPage\",\"@id\":\"https:\/\/magecloud.agency\/dk\/magento-support-og-vedligeholdelse\/\",\"url\":\"https:\/\/magecloud.agency\/dk\/magento-support-og-vedligeholdelse\/\",\"name\":\"F\u00e5 Magento hj\u00e6lp af certificeret Magento 2 udvikler\",\"isPartOf\":{\"@id\":\"https:\/\/magecloud.agency\/dk\/#website\"},\"primaryImageOfPage\":{\"@id\":\"https:\/\/magecloud.agency\/dk\/magento-support-og-vedligeholdelse\/#primaryimage\"},\"image\":{\"@id\":\"https:\/\/magecloud.agency\/dk\/magento-support-og-vedligeholdelse\/#primaryimage\"},\"thumbnailUrl\":\"https:\/\/magecloud.agency\/wp-content\/uploads\/2020\/10\/Data-Migration-1-3.png\",\"datePublished\":\"2019-07-30T09:07:25+00:00\",\"dateModified\":\"2022-05-26T10:10:25+00:00\",\"description\":\"Over 15 \u00e5rs erfaring i Magento hj\u00e6lp & Support? F\u00e5 hj\u00e6lp af Top Rated og certificeret Magento 2 udvikler. Vi sikrer din Magento ikke fejler!\",\"inLanguage\":\"en-US\",\"potentialAction\":[{\"@type\":\"ReadAction\",\"target\":[\"https:\/\/magecloud.agency\/dk\/magento-support-og-vedligeholdelse\/\"]}]},{\"@type\":\"ImageObject\",\"inLanguage\":\"en-US\",\"@id\":\"https:\/\/magecloud.agency\/dk\/magento-support-og-vedligeholdelse\/#primaryimage\",\"url\":\"https:\/\/magecloud.agency\/wp-content\/uploads\/2020\/10\/Data-Migration-1-3.png\",\"contentUrl\":\"https:\/\/magecloud.agency\/wp-content\/uploads\/2020\/10\/Data-Migration-1-3.png\"},{\"@type\":\"WebSite\",\"@id\":\"https:\/\/magecloud.agency\/dk\/#website\",\"url\":\"https:\/\/magecloud.agency\/dk\/\",\"name\":\"MageCloud DK\",\"description\":\"Just another MageCloud Sites site\",\"potentialAction\":[{\"@type\":\"SearchAction\",\"target\":{\"@type\":\"EntryPoint\",\"urlTemplate\":\"https:\/\/magecloud.agency\/dk\/?s={search_term_string}\"},\"query-input\":{\"@type\":\"PropertyValueSpecification\",\"valueRequired\":true,\"valueName\":\"search_term_string\"}}],\"inLanguage\":\"en-US\"}]}<\/script>\n<!-- \/ Yoast SEO plugin. -->","yoast_head_json":{"title":"F\u00e5 Magento hj\u00e6lp af certificeret Magento 2 udvikler","description":"Over 15 \u00e5rs erfaring i Magento hj\u00e6lp & Support? F\u00e5 hj\u00e6lp af Top Rated og certificeret Magento 2 udvikler. Vi sikrer din Magento ikke fejler!","robots":{"index":"index","follow":"follow","max-snippet":"max-snippet:-1","max-image-preview":"max-image-preview:large","max-video-preview":"max-video-preview:-1"},"canonical":"https:\/\/magecloud.agency\/dk\/magento-support-og-vedligeholdelse\/","og_locale":"en_US","og_type":"article","og_title":"F\u00e5 Magento hj\u00e6lp af certificeret Magento 2 udvikler","og_description":"Over 15 \u00e5rs erfaring i Magento hj\u00e6lp & Support? F\u00e5 hj\u00e6lp af Top Rated og certificeret Magento 2 udvikler. Vi sikrer din Magento ikke fejler!","og_url":"https:\/\/magecloud.agency\/dk\/magento-support-og-vedligeholdelse\/","og_site_name":"MageCloud DK","article_modified_time":"2022-05-26T10:10:25+00:00","og_image":[{"url":"https:\/\/magecloud.agency\/wp-content\/uploads\/2020\/10\/Data-Migration-1-3.png","type":"","width":"","height":""}],"twitter_card":"summary_large_image","twitter_misc":{"Est. reading time":"4 minutes"},"schema":{"@context":"https:\/\/schema.org","@graph":[{"@type":"WebPage","@id":"https:\/\/magecloud.agency\/dk\/magento-support-og-vedligeholdelse\/","url":"https:\/\/magecloud.agency\/dk\/magento-support-og-vedligeholdelse\/","name":"F\u00e5 Magento hj\u00e6lp af certificeret Magento 2 udvikler","isPartOf":{"@id":"https:\/\/magecloud.agency\/dk\/#website"},"primaryImageOfPage":{"@id":"https:\/\/magecloud.agency\/dk\/magento-support-og-vedligeholdelse\/#primaryimage"},"image":{"@id":"https:\/\/magecloud.agency\/dk\/magento-support-og-vedligeholdelse\/#primaryimage"},"thumbnailUrl":"https:\/\/magecloud.agency\/wp-content\/uploads\/2020\/10\/Data-Migration-1-3.png","datePublished":"2019-07-30T09:07:25+00:00","dateModified":"2022-05-26T10:10:25+00:00","description":"Over 15 \u00e5rs erfaring i Magento hj\u00e6lp & Support? F\u00e5 hj\u00e6lp af Top Rated og certificeret Magento 2 udvikler. Vi sikrer din Magento ikke fejler!","inLanguage":"en-US","potentialAction":[{"@type":"ReadAction","target":["https:\/\/magecloud.agency\/dk\/magento-support-og-vedligeholdelse\/"]}]},{"@type":"ImageObject","inLanguage":"en-US","@id":"https:\/\/magecloud.agency\/dk\/magento-support-og-vedligeholdelse\/#primaryimage","url":"https:\/\/magecloud.agency\/wp-content\/uploads\/2020\/10\/Data-Migration-1-3.png","contentUrl":"https:\/\/magecloud.agency\/wp-content\/uploads\/2020\/10\/Data-Migration-1-3.png"},{"@type":"WebSite","@id":"https:\/\/magecloud.agency\/dk\/#website","url":"https:\/\/magecloud.agency\/dk\/","name":"MageCloud DK","description":"Just another MageCloud Sites site","potentialAction":[{"@type":"SearchAction","target":{"@type":"EntryPoint","urlTemplate":"https:\/\/magecloud.agency\/dk\/?s={search_term_string}"},"query-input":{"@type":"PropertyValueSpecification","valueRequired":true,"valueName":"search_term_string"}}],"inLanguage":"en-US"}]}},"_links":{"self":[{"href":"https:\/\/magecloud.agency\/dk\/wp-json\/wp\/v2\/pages\/52","targetHints":{"allow":["GET"]}}],"collection":[{"href":"https:\/\/magecloud.agency\/dk\/wp-json\/wp\/v2\/pages"}],"about":[{"href":"https:\/\/magecloud.agency\/dk\/wp-json\/wp\/v2\/types\/page"}],"author":[{"embeddable":true,"href":"https:\/\/magecloud.agency\/dk\/wp-json\/wp\/v2\/users\/1"}],"replies":[{"embeddable":true,"href":"https:\/\/magecloud.agency\/dk\/wp-json\/wp\/v2\/comments?post=52"}],"version-history":[{"count":48,"href":"https:\/\/magecloud.agency\/dk\/wp-json\/wp\/v2\/pages\/52\/revisions"}],"predecessor-version":[{"id":7003,"href":"https:\/\/magecloud.agency\/dk\/wp-json\/wp\/v2\/pages\/52\/revisions\/7003"}],"wp:attachment":[{"href":"https:\/\/magecloud.agency\/dk\/wp-json\/wp\/v2\/media?parent=52"}],"curies":[{"name":"wp","href":"https:\/\/api.w.org\/{rel}","templated":true}]}}