{"id":3186,"date":"2020-12-07T20:26:25","date_gmt":"2020-12-07T20:26:25","guid":{"rendered":"https:\/\/magecloud.agency\/dk\/?page_id=3186"},"modified":"2022-02-28T13:13:24","modified_gmt":"2022-02-28T13:13:24","slug":"optimere-shopify-ydeevne","status":"publish","type":"page","link":"https:\/\/magecloud.agency\/dk\/optimere-shopify-ydeevne\/","title":{"rendered":"Shopify Hastighedsoptimering"},"content":{"rendered":"<h2 style=\"text-align: left;\"><strong>Shopify hastighedsoptimering<\/strong><\/h2>\n<p>&nbsp;<\/p>\n<p style=\"text-align: left;\">Er din Shopify webshop langsom? Der er mange faktorer, der kan v\u00e6re skyld i din webshop, har lange indl\u00e6sningstider. Derfor skal du j\u00e6vnligt tjekke din hastighed p\u00e5 din Shopify webshop og s\u00f8rge for, at hastighedsoptimering er blandt dine f\u00f8rsteprioriteter.<\/p>\n<p>&nbsp;<\/p>\n<p style=\"text-align: left;\">De fleste bes\u00f8gende bruger h\u00f8jst 2 sekunder p\u00e5 at hente indhold. Har dine webshop l\u00e6ngere indl\u00e6sningstider, kan du miste konverteringer. Dine bes\u00f8gende v\u00e6lger at handle p\u00e5 en webshop, der er hurtigere end din, fordi de ikke gider vente. Derfor er det vigtigt, du ved, at hvis din Shopify webshop loader langsomt, koster det dig salg og oms\u00e6tning.<\/p>\n<p>&nbsp;<\/p>\n<p style=\"text-align: left;\">Hos Magecloud kan vi garantere dig, at hastighedsoptimering er \u00e9n af de mest omkostningseffektive m\u00e5der at for\u00f8ge dit salg.<\/p>\n<p>&nbsp;<\/p>\n<h2 style=\"text-align: left;\"><strong>Er Shopify ydeevne nedsat?<\/strong><\/h2>\n<p>&nbsp;<\/p>\n<p style=\"text-align: left;\">Vores tekniske team analyserer themes, apps, billeder &amp; videoer, skrifttyper og ikke mindst Liquid koden &#8211; for at se, hvad der er \u00e5rsag til neds\u00e6ttelses af Shopify ydeevne, og at du oplever begr\u00e6nsninger i hastigheden. Vi tester med de seneste performance v\u00e6rkt\u00f8jer og fejlfinde problemer, s\u00e5 vi ved, hvor sidens hastighed kan \u00f8ges.<\/p>\n<p>&nbsp;<\/p>\n<p style=\"text-align: left;\">I en konkurrencepr\u00e6get branche som e-handel, har enhver faktor betydning. S\u00e5 hvis din Shopify er langsom, vil det skade din fortjeneste.\u00a0I e-handel verdens \u201dNew Normal\u201d forventer dine bes\u00f8gende h\u00f8j indl\u00e6sningshastighed og hurtig checkout. Oplever de ikke det &#8211; smutter de videre til din konkurrent<\/p>\n<p>&nbsp;<\/p>\n<p>&nbsp;<\/p>\n<table style=\"border-collapse: collapse; width: 100%;\">\n<tbody>\n<tr style=\"height: 24px;\">\n<td style=\"width: 30.0724%; vertical-align: top; height: 24px;\"><\/td>\n<td style=\"width: 69.9276%; vertical-align: top; height: 24px;\">\n<h2 class=\"top-title\" style=\"text-align: left;\"><b>Shopify Hastighedsoptimering<\/b><\/h2>\n<p>&nbsp;<\/td>\n<\/tr>\n<tr>\n<td style=\"width: 30.0724%; vertical-align: top; text-align: left;\"><img decoding=\"async\" class=\"aligncenter wp-image-3865\" src=\"https:\/\/magecloud.agency\/wp-content\/uploads\/2020\/10\/Code-Review-Audit-1.png\" alt=\"\" width=\"159\" height=\"107\" \/><\/td>\n<td style=\"width: 69.9276%; vertical-align: top;\">\n<h4 class=\"content-title\" style=\"text-align: left;\"><span style=\"color: #333333;\"><b>Analysering og fejlfinding af Shopify ydeevne<\/b><\/span><\/h4>\n<p style=\"text-align: left;\"><span style=\"color: #333333;\">Vi tilbyder en omfattende analyse af koden i et s\u00e5kaldt programmeringsprojekt, s\u00e5 vi derefter kan identificere bugs, sikkerhedsbrud eller brud p\u00e5 kode konventioner.<\/span><\/p>\n<p>&nbsp;<\/p>\n<p>&nbsp;<\/p>\n<p>&nbsp;<\/td>\n<\/tr>\n<tr>\n<td style=\"width: 30.0724%; vertical-align: top; text-align: left;\"><img decoding=\"async\" class=\"aligncenter wp-image-3862 size-full\" src=\"https:\/\/magecloud.agency\/wp-content\/uploads\/2020\/10\/Server-Configuration-Review.png\" alt=\"\" width=\"155\" height=\"119\" \/><\/td>\n<td style=\"width: 69.9276%; vertical-align: top;\">\n<h4 class=\"content-title\" style=\"text-align: left;\"><span style=\"color: #333333;\"><strong><b>Udf\u00f8relse af konfigurationsanalyse for Shopify server<\/b><\/strong><\/span><\/h4>\n<p style=\"text-align: left;\"><span style=\"color: #333333;\">En sikkerheds konfigurering og evaluering af arkitekturen, giver dig muligheden for at se, om din netv\u00e6rksstruktur og konfigurationen af dens komponenter er kompatible med den seneste praksis og de seneste sikkerhedsanbefalinger.<\/span><\/p>\n<p>&nbsp;<\/p>\n<p>&nbsp;<\/td>\n<\/tr>\n<tr>\n<td style=\"width: 30.0724%; vertical-align: top;\"><img decoding=\"async\" class=\"aligncenter wp-image-3864 size-full\" src=\"https:\/\/magecloud.agency\/wp-content\/uploads\/2020\/10\/Website-Performance-Optimization.png\" alt=\"\" width=\"162\" height=\"152\" \/><\/td>\n<td style=\"width: 69.9276%; vertical-align: top;\">\n<h4 class=\"content-title\" style=\"text-align: left;\"><span style=\"color: #333333;\"><b>Hastighedsoptimering af Shopify\u00a0<\/b><\/span><\/h4>\n<p style=\"text-align: left;\"><span style=\"color: #333333;\">At optimere Shopify performance, b\u00f8r v\u00e6re en topprioritet &#8211; is\u00e6r n\u00e5r der er s\u00e5 meget konkurrence p\u00e5 internettet. Vi bruger stresstests for at afklare, hvor st\u00e6rk Shopify er, n\u00e5r l\u00f8sningen bliver presset udover det normale. Stresstests l\u00e6gger et st\u00f8rre pres p\u00e5 et websites ressourcer, da det handler om at teste tilg\u00e6ngeligheden og fejlh\u00e5ndtering under stor belastning, i stedet for dens reaktion under, hvad man ville anse som v\u00e6rende, normale forhold. Dette er den bedste m\u00e5de at finde og l\u00f8se problemer omkring Shopify stabilitet og ydeevne, f\u00f8r kunderne oplever dem.<\/span><\/p>\n<p>&nbsp;<\/p>\n<p>&nbsp;<\/p>\n<p>&nbsp;<\/p>\n<p>&nbsp;<\/td>\n<\/tr>\n<\/tbody>\n<\/table>\n<p>&nbsp;<\/p>\n<p>&nbsp;<\/p>\n<p style=\"text-align: center;\"><span style=\"font-weight: 400; color: #333333;\"><strong>***<\/strong><\/span><\/p>\n<p>&nbsp;<\/p>\n<h4 style=\"text-align: left;\"><strong>Vi er Top Rated Shopify Bureau og eksperter i Shopify Design<\/strong><\/h4>\n<p style=\"text-align: left;\">Kontakt vores danske salgskontor p\u00e5+4530309624, og h\u00f8r mere.<br \/>\nDu kan ogs\u00e5 kontakte os ved <a href=\"https:\/\/magecloud.agency\/dk\/kontakt-magecloud\/\">udfylde vores kontaktformular<\/a>.\u00a0Eller skriv en mail til <a href=\"mailto:info@magecloud.net\">info@magecloud.net<\/a>.<\/p>\n<p style=\"text-align: left;\"><strong>\u00a0<\/strong><\/p>\n<h4 style=\"text-align: left;\"><strong>Hvad kan vi, som Top-Rated Shopify Bureau, kan hj\u00e6lpe dig med?<\/strong><\/h4>\n<p>&nbsp;<\/p>\n<p>&nbsp;<\/p>\n<p style=\"text-align: left;\"><div class=\"container_full main_blockwedo\" style=\"padding: 0\"><ul class=\"main_blockwedo_list\">\n            <li>\n                <div class=\"main_blockwedo_list_img\">\n                    <a href=\"\/dk\/flyt-til-shopify-eller-shopify-plus\/\">\n                        <img decoding=\"async\" class=\"branwdo\" src=\"https:\/\/magecloud.agency\/dk\/wp-content\/uploads\/sites\/3\/2021\/12\/Migration-to-Shopify2.png\"\n                             alt=\"Migrering til Shopify\"\n                             title=\"Migrering til Shopify\"><\/a>\n                <\/div>\n                <div class=\"main_blockwedo_list_title\">\n                    <a href=\"\/dk\/flyt-til-shopify-eller-shopify-plus\/\">\n                        <h5>Migrering til Shopify<\/h5><\/a>\n                <\/div>\n\n                <div class=\"main_blockwedo_list_text\">Migrering til Shopify<\/div>\n            <\/li>\n            <li>\n                <div class=\"main_blockwedo_list_img\">\n                    <a href=\"\/dk\/shopify-analyse-af-seo-indstillinger\/\">\n                        <img decoding=\"async\" class=\"branwdo\" src=\"https:\/\/magecloud.agency\/dk\/wp-content\/uploads\/sites\/3\/2021\/12\/Site-Audit-shopify.png\"\n                             alt=\"Shopify Teknisk SEO Analyse\"\n                             title=\"Shopify Teknisk SEO Analyse\"><\/a>\n                <\/div>\n                <div class=\"main_blockwedo_list_title\">\n                    <a href=\"\/dk\/shopify-analyse-af-seo-indstillinger\/\">\n                        <h5>Shopify Teknisk SEO Analyse<\/h5><\/a>\n                <\/div>\n\n                <div class=\"main_blockwedo_list_text\">Shopify Teknisk SEO Analyse<\/div>\n            <\/li>\n            <li>\n                <div class=\"main_blockwedo_list_img\">\n                    <a href=\"\/dk\/shopify-themes-design-tilpasning\/\">\n                        <img decoding=\"async\" class=\"branwdo\" src=\"https:\/\/magecloud.agency\/dk\/wp-content\/uploads\/sites\/3\/2020\/12\/Magento-Design.png\"\n                             alt=\"Shopify Design\"\n                             title=\"Shopify Design\"><\/a>\n                <\/div>\n                <div class=\"main_blockwedo_list_title\">\n                    <a href=\"\/dk\/shopify-themes-design-tilpasning\/\">\n                        <h5>Shopify Design<\/h5><\/a>\n                <\/div>\n\n                <div class=\"main_blockwedo_list_text\">Shopify Design<\/div>\n            <\/li>\n            <li>\n                <div class=\"main_blockwedo_list_img\">\n                    <a href=\"\/dk\/shopify-udvikling\/\">\n                        <img decoding=\"async\" class=\"branwdo\" src=\"https:\/\/magecloud.agency\/dk\/wp-content\/uploads\/sites\/3\/2021\/12\/Shopify-Development2-11.png\"\n                             alt=\"Shopify Udvikling\"\n                             title=\"Shopify Udvikling\"><\/a>\n                <\/div>\n                <div class=\"main_blockwedo_list_title\">\n                    <a href=\"\/dk\/shopify-udvikling\/\">\n                        <h5>Shopify Udvikling<\/h5><\/a>\n                <\/div>\n\n                <div class=\"main_blockwedo_list_text\">Shopify Udvikling<\/div>\n            <\/li>\n            <li>\n                <div class=\"main_blockwedo_list_img\">\n                    <a href=\"\/dk\/shopify-soegemaskineoptimering\/\">\n                        <img decoding=\"async\" class=\"branwdo\" src=\"https:\/\/magecloud.agency\/dk\/wp-content\/uploads\/sites\/3\/2020\/12\/Magento-SEOSEM.png\"\n                             alt=\"Shopify SEO\"\n                             title=\"Shopify SEO\"><\/a>\n                <\/div>\n                <div class=\"main_blockwedo_list_title\">\n                    <a href=\"\/dk\/shopify-soegemaskineoptimering\/\">\n                        <h5>Shopify SEO<\/h5><\/a>\n                <\/div>\n\n                <div class=\"main_blockwedo_list_text\">Shopify SEO<\/div>\n            <\/li>\n            <li>\n                <div class=\"main_blockwedo_list_img\">\n                    <a href=\"\/dk\/optimere-shopify-ydeevne\/\">\n                        <img decoding=\"async\" class=\"branwdo\" src=\"https:\/\/magecloud.agency\/dk\/wp-content\/uploads\/sites\/3\/2021\/12\/Shopify-Speed-Optimization21.png\"\n                             alt=\"Shopify Hastighedsoptimering\"\n                             title=\"Shopify Hastighedsoptimering\"><\/a>\n                <\/div>\n                <div class=\"main_blockwedo_list_title\">\n                    <a href=\"\/dk\/optimere-shopify-ydeevne\/\">\n                        <h5>Shopify Hastighedsoptimering<\/h5><\/a>\n                <\/div>\n\n                <div class=\"main_blockwedo_list_text\">Shopify Hastighedsoptimering<\/div>\n            <\/li>\n            <li>\n                <div class=\"main_blockwedo_list_img\">\n                    <a href=\"\/dk\/shopify-sikkerhed\/\">\n                        <img decoding=\"async\" class=\"branwdo\" src=\"https:\/\/magecloud.agency\/dk\/wp-content\/uploads\/sites\/3\/2021\/12\/Shopify-Security-Review21.png\"\n                             alt=\"Shopify Sikkerhed\"\n                             title=\"Shopify Sikkerhed\"><\/a>\n                <\/div>\n                <div class=\"main_blockwedo_list_title\">\n                    <a href=\"\/dk\/shopify-sikkerhed\/\">\n                        <h5>Shopify Sikkerhed<\/h5><\/a>\n                <\/div>\n\n                <div class=\"main_blockwedo_list_text\">Shopify Sikkerhed<\/div>\n            <\/li>\n            <li>\n                <div class=\"main_blockwedo_list_img\">\n                    <a href=\"\/dk\/shopify-support-og-hjaelp\/\">\n                        <img decoding=\"async\" class=\"branwdo\" src=\"https:\/\/magecloud.agency\/dk\/wp-content\/uploads\/sites\/3\/2021\/12\/Outgoing-support-shopify.png\"\n                             alt=\"Shopify Vedligeholdelse\"\n                             title=\"Shopify Vedligeholdelse\"><\/a>\n                <\/div>\n                <div class=\"main_blockwedo_list_title\">\n                    <a href=\"\/dk\/shopify-support-og-hjaelp\/\">\n                        <h5>Shopify Vedligeholdelse<\/h5><\/a>\n                <\/div>\n\n                <div class=\"main_blockwedo_list_text\">Shopify Vedligeholdelse<\/div>\n            <\/li><\/ul><\/div><\/p>\n","protected":false},"excerpt":{"rendered":"Shopify hastighedsoptimering &nbsp; Er din Shopify webshop langsom? Der er mange faktorer, der kan v\u00e6re skyld i din webshop, har lange indl\u00e6sningstider. Derfor skal du j\u00e6vnligt tjekke din hastighed p\u00e5 din Shopify webshop og s\u00f8rge for, at hastighedsoptimering er blandt dine f\u00f8rsteprioriteter. &nbsp; De fleste bes\u00f8gende bruger h\u00f8jst 2 sekunder p\u00e5 at hente indhold. Har&hellip;","protected":false},"author":1,"featured_media":0,"parent":0,"menu_order":13,"comment_status":"closed","ping_status":"closed","template":"","meta":{"_acf_changed":false,"inline_featured_image":false,"footnotes":""},"class_list":["post-3186","page","type-page","status-publish","hentry"],"acf":[],"yoast_head":"<!-- This site is optimized with the Yoast SEO plugin v25.3 - https:\/\/yoast.com\/wordpress\/plugins\/seo\/ -->\n<title>Optimere ydeevnen p\u00e5 Shopify \u21d2 Skaber m\u00e6rkbare resultater for din butik<\/title>\n<meta name=\"description\" content=\"N\u00e5r vi optimerer Shopify ydeevne, kan vi skabe m\u00e6rkbare resultater i din butik \u2713 Vi forbedrer l\u00f8bende Shopify&#039;s ydeevne og hastighed.\" \/>\n<meta name=\"robots\" content=\"index, follow, max-snippet:-1, max-image-preview:large, max-video-preview:-1\" \/>\n<link rel=\"canonical\" href=\"https:\/\/magecloud.agency\/dk\/optimere-shopify-ydeevne\/\" \/>\n<meta property=\"og:locale\" content=\"en_US\" \/>\n<meta property=\"og:type\" content=\"article\" \/>\n<meta property=\"og:title\" content=\"Optimere ydeevnen p\u00e5 Shopify \u21d2 Skaber m\u00e6rkbare resultater for din butik\" \/>\n<meta property=\"og:description\" content=\"N\u00e5r vi optimerer Shopify ydeevne, kan vi skabe m\u00e6rkbare resultater i din butik \u2713 Vi forbedrer l\u00f8bende Shopify&#039;s ydeevne og hastighed.\" \/>\n<meta property=\"og:url\" content=\"https:\/\/magecloud.agency\/dk\/optimere-shopify-ydeevne\/\" \/>\n<meta property=\"og:site_name\" content=\"MageCloud DK\" \/>\n<meta property=\"article:modified_time\" content=\"2022-02-28T13:13:24+00:00\" \/>\n<meta property=\"og:image\" content=\"https:\/\/magecloud.agency\/wp-content\/uploads\/2020\/10\/Code-Review-Audit-1.png\" \/>\n<meta name=\"twitter:card\" content=\"summary_large_image\" \/>\n<meta name=\"twitter:label1\" content=\"Est. reading time\" \/>\n\t<meta name=\"twitter:data1\" content=\"3 minutes\" \/>\n<script type=\"application\/ld+json\" class=\"yoast-schema-graph\">{\"@context\":\"https:\/\/schema.org\",\"@graph\":[{\"@type\":\"WebPage\",\"@id\":\"https:\/\/magecloud.agency\/dk\/optimere-shopify-ydeevne\/\",\"url\":\"https:\/\/magecloud.agency\/dk\/optimere-shopify-ydeevne\/\",\"name\":\"Optimere ydeevnen p\u00e5 Shopify \u21d2 Skaber m\u00e6rkbare resultater for din butik\",\"isPartOf\":{\"@id\":\"https:\/\/magecloud.agency\/dk\/#website\"},\"primaryImageOfPage\":{\"@id\":\"https:\/\/magecloud.agency\/dk\/optimere-shopify-ydeevne\/#primaryimage\"},\"image\":{\"@id\":\"https:\/\/magecloud.agency\/dk\/optimere-shopify-ydeevne\/#primaryimage\"},\"thumbnailUrl\":\"https:\/\/magecloud.agency\/wp-content\/uploads\/2020\/10\/Code-Review-Audit-1.png\",\"datePublished\":\"2020-12-07T20:26:25+00:00\",\"dateModified\":\"2022-02-28T13:13:24+00:00\",\"description\":\"N\u00e5r vi optimerer Shopify ydeevne, kan vi skabe m\u00e6rkbare resultater i din butik \u2713 Vi forbedrer l\u00f8bende Shopify's ydeevne og hastighed.\",\"inLanguage\":\"en-US\",\"potentialAction\":[{\"@type\":\"ReadAction\",\"target\":[\"https:\/\/magecloud.agency\/dk\/optimere-shopify-ydeevne\/\"]}]},{\"@type\":\"ImageObject\",\"inLanguage\":\"en-US\",\"@id\":\"https:\/\/magecloud.agency\/dk\/optimere-shopify-ydeevne\/#primaryimage\",\"url\":\"https:\/\/magecloud.agency\/wp-content\/uploads\/2020\/10\/Code-Review-Audit-1.png\",\"contentUrl\":\"https:\/\/magecloud.agency\/wp-content\/uploads\/2020\/10\/Code-Review-Audit-1.png\"},{\"@type\":\"WebSite\",\"@id\":\"https:\/\/magecloud.agency\/dk\/#website\",\"url\":\"https:\/\/magecloud.agency\/dk\/\",\"name\":\"MageCloud DK\",\"description\":\"Just another MageCloud Sites site\",\"potentialAction\":[{\"@type\":\"SearchAction\",\"target\":{\"@type\":\"EntryPoint\",\"urlTemplate\":\"https:\/\/magecloud.agency\/dk\/?s={search_term_string}\"},\"query-input\":{\"@type\":\"PropertyValueSpecification\",\"valueRequired\":true,\"valueName\":\"search_term_string\"}}],\"inLanguage\":\"en-US\"}]}<\/script>\n<!-- \/ Yoast SEO plugin. -->","yoast_head_json":{"title":"Optimere ydeevnen p\u00e5 Shopify \u21d2 Skaber m\u00e6rkbare resultater for din butik","description":"N\u00e5r vi optimerer Shopify ydeevne, kan vi skabe m\u00e6rkbare resultater i din butik \u2713 Vi forbedrer l\u00f8bende Shopify's ydeevne og hastighed.","robots":{"index":"index","follow":"follow","max-snippet":"max-snippet:-1","max-image-preview":"max-image-preview:large","max-video-preview":"max-video-preview:-1"},"canonical":"https:\/\/magecloud.agency\/dk\/optimere-shopify-ydeevne\/","og_locale":"en_US","og_type":"article","og_title":"Optimere ydeevnen p\u00e5 Shopify \u21d2 Skaber m\u00e6rkbare resultater for din butik","og_description":"N\u00e5r vi optimerer Shopify ydeevne, kan vi skabe m\u00e6rkbare resultater i din butik \u2713 Vi forbedrer l\u00f8bende Shopify's ydeevne og hastighed.","og_url":"https:\/\/magecloud.agency\/dk\/optimere-shopify-ydeevne\/","og_site_name":"MageCloud DK","article_modified_time":"2022-02-28T13:13:24+00:00","og_image":[{"url":"https:\/\/magecloud.agency\/wp-content\/uploads\/2020\/10\/Code-Review-Audit-1.png","type":"","width":"","height":""}],"twitter_card":"summary_large_image","twitter_misc":{"Est. reading time":"3 minutes"},"schema":{"@context":"https:\/\/schema.org","@graph":[{"@type":"WebPage","@id":"https:\/\/magecloud.agency\/dk\/optimere-shopify-ydeevne\/","url":"https:\/\/magecloud.agency\/dk\/optimere-shopify-ydeevne\/","name":"Optimere ydeevnen p\u00e5 Shopify \u21d2 Skaber m\u00e6rkbare resultater for din butik","isPartOf":{"@id":"https:\/\/magecloud.agency\/dk\/#website"},"primaryImageOfPage":{"@id":"https:\/\/magecloud.agency\/dk\/optimere-shopify-ydeevne\/#primaryimage"},"image":{"@id":"https:\/\/magecloud.agency\/dk\/optimere-shopify-ydeevne\/#primaryimage"},"thumbnailUrl":"https:\/\/magecloud.agency\/wp-content\/uploads\/2020\/10\/Code-Review-Audit-1.png","datePublished":"2020-12-07T20:26:25+00:00","dateModified":"2022-02-28T13:13:24+00:00","description":"N\u00e5r vi optimerer Shopify ydeevne, kan vi skabe m\u00e6rkbare resultater i din butik \u2713 Vi forbedrer l\u00f8bende Shopify's ydeevne og hastighed.","inLanguage":"en-US","potentialAction":[{"@type":"ReadAction","target":["https:\/\/magecloud.agency\/dk\/optimere-shopify-ydeevne\/"]}]},{"@type":"ImageObject","inLanguage":"en-US","@id":"https:\/\/magecloud.agency\/dk\/optimere-shopify-ydeevne\/#primaryimage","url":"https:\/\/magecloud.agency\/wp-content\/uploads\/2020\/10\/Code-Review-Audit-1.png","contentUrl":"https:\/\/magecloud.agency\/wp-content\/uploads\/2020\/10\/Code-Review-Audit-1.png"},{"@type":"WebSite","@id":"https:\/\/magecloud.agency\/dk\/#website","url":"https:\/\/magecloud.agency\/dk\/","name":"MageCloud DK","description":"Just another MageCloud Sites site","potentialAction":[{"@type":"SearchAction","target":{"@type":"EntryPoint","urlTemplate":"https:\/\/magecloud.agency\/dk\/?s={search_term_string}"},"query-input":{"@type":"PropertyValueSpecification","valueRequired":true,"valueName":"search_term_string"}}],"inLanguage":"en-US"}]}},"_links":{"self":[{"href":"https:\/\/magecloud.agency\/dk\/wp-json\/wp\/v2\/pages\/3186","targetHints":{"allow":["GET"]}}],"collection":[{"href":"https:\/\/magecloud.agency\/dk\/wp-json\/wp\/v2\/pages"}],"about":[{"href":"https:\/\/magecloud.agency\/dk\/wp-json\/wp\/v2\/types\/page"}],"author":[{"embeddable":true,"href":"https:\/\/magecloud.agency\/dk\/wp-json\/wp\/v2\/users\/1"}],"replies":[{"embeddable":true,"href":"https:\/\/magecloud.agency\/dk\/wp-json\/wp\/v2\/comments?post=3186"}],"version-history":[{"count":20,"href":"https:\/\/magecloud.agency\/dk\/wp-json\/wp\/v2\/pages\/3186\/revisions"}],"predecessor-version":[{"id":6069,"href":"https:\/\/magecloud.agency\/dk\/wp-json\/wp\/v2\/pages\/3186\/revisions\/6069"}],"wp:attachment":[{"href":"https:\/\/magecloud.agency\/dk\/wp-json\/wp\/v2\/media?parent=3186"}],"curies":[{"name":"wp","href":"https:\/\/api.w.org\/{rel}","templated":true}]}}