{"id":312,"date":"2019-08-16T12:11:02","date_gmt":"2019-08-16T12:11:02","guid":{"rendered":"http:\/\/wordpressportfolio.dev7.magecloud.net\/?page_id=312"},"modified":"2022-02-28T13:16:42","modified_gmt":"2022-02-28T13:16:42","slug":"magento-udvikler","status":"publish","type":"page","link":"https:\/\/magecloud.agency\/dk\/magento-udvikler\/","title":{"rendered":"Magento Udvikling"},"content":{"rendered":"<h2 style=\"text-align: left;\">Top Rated Magento udvikling &amp; Magento Udvikler<\/h2>\n<p>&nbsp;<\/p>\n<p style=\"text-align: left;\">N\u00e5r nogen snakker om Magento udvikling, refererer de til den tekniske del af at udvikle og designe Magento webshops, s\u00e5 webshoppen fungerer ordentligt for brugeren.<\/p>\n<p>&nbsp;<\/p>\n<p style=\"text-align: left;\">Som Magento webbureau har vi kontinuerlig kontakt og \u00e6rlig kommunikation med vores kunder &#8211; hele tiden! Du skal ikke vente p\u00e5 svar i flere dage, vi er nemlig hurtige til at svare dig. Oplever vi, der er noget, som ikke fungerer optimalt i din Magento webshop, fort\u00e6ller vi dig dette. Overvejer du at starte en Magento webshop, leder vi dig sikkert igennem hele udviklingsprocessen, s\u00e5 du altid er klar over, hvad du kan forvente af os.<\/p>\n<p>&nbsp;<\/p>\n<p style=\"text-align: left;\">Det giver os mulighed for l\u00f8bende at afstemme vores m\u00e5l. Alt efter dine m\u00e5l og \u00f8nsker udarbejder vi en realistisk plan, der passer til dine KPI&#8217;s, design og layout.<\/p>\n<p>&nbsp;<\/p>\n<h2 style=\"text-align: left;\">H\u00f8jtuddannet Magento udvikler i Magento webshops<\/h2>\n<p>&nbsp;<\/p>\n<p style=\"text-align: left;\">Vores h\u00f8jtuddannet og dygtige team af Magento udviklere s\u00f8rger for, du f\u00e5r en ordentlig kodet og opsat Magento webshop b\u00e5de af den tekniske SEO og andre vigtige parameter, som g\u00f8r Magento webshops, f\u00e5r h\u00f8j score i Google Core Web Vitals &#8211; s\u00e5 din webshop kan opn\u00e5 bedre ranking. Vi benytter os af l\u00f8bende test og kontrol af Magento l\u00f8sningen, s\u00e5 vi er, sikrer, p\u00e5 at resultatet bliver af h\u00f8jeste kvalitet.<\/p>\n<p>&nbsp;<\/p>\n<p>&nbsp;<\/p>\n<div class=\"row\">\n<table style=\"border-collapse: collapse; width: 100%; height: 150px;\">\n<tbody>\n<tr style=\"height: 24px;\">\n<td style=\"width: 30.0724%; vertical-align: top; height: 24px;\"><\/td>\n<td style=\"width: 69.9276%; vertical-align: top; height: 24px;\">\n<h2 class=\"top-title\" style=\"text-align: left;\"><span style=\"color: #333333;\"><b>Magento u<\/b><b>dvikling<\/b><\/span><\/h2>\n<p>&nbsp;<\/td>\n<\/tr>\n<tr style=\"height: 24px;\">\n<td style=\"width: 30.0724%; vertical-align: top; height: 78px; text-align: left;\"><span style=\"color: #333333;\"><img decoding=\"async\" class=\"aligncenter wp-image-3435 size-full\" src=\"https:\/\/magecloud.agency\/wp-content\/uploads\/2020\/10\/Back-end-Development-1.png\" alt=\"\" width=\"168\" height=\"107\" \/><\/span><\/td>\n<td style=\"width: 69.9276%; vertical-align: top; height: 78px;\">\n<h4 class=\"content-title\" style=\"text-align: left;\"><span style=\"color: #333333;\"><b>Magento udvikling af Back-End i Magento webshops<\/b><\/span><\/h4>\n<p>&nbsp;<\/p>\n<p style=\"text-align: left;\"><strong>Avanceret administration af katalog og inventar<\/strong><br \/>\nVi hj\u00e6lper dig med at optimere din lagerstyring, hvis du har mere end \u00e9n lokation. Det betyder f.eks., at vi kan ops\u00e6tte sporing af en vares bev\u00e6gelse gennem flere lagerbygninger og udstillingslokaler, fra \u00e9n lokation til en anden.<\/p>\n<p>&nbsp;<\/p>\n<p style=\"text-align: left;\"><strong>Avanceret priss\u00e6tning og regler for indk\u00f8b<\/strong><br \/>\nVi benytter logiske og fleksible framework, n\u00e5r der opst\u00e5r komplekse og specielle scenarier i forhold til priss\u00e6tning. Det g\u00f8r det muligt for dig at segmentere prisoprettelseprocessen i tre grundl\u00e6ggende trin: Definere prisregler samt tildele regler for specifik pris actions og designering af priskontrol.<\/p>\n<p>&nbsp;<\/p>\n<p style=\"text-align: left;\"><strong>Konfigurering af Magento Multistore<\/strong><br \/>\nForm\u00e5let med Magentos multistore funktionaliteten er at have flere butikker p\u00e5 forskellige URL&#8217;s i den samme Magento version, dermed samles alle k\u00f8b i \u00e9n f\u00e6lles ordreadministration. Alle butikker under Magentos multistore, deler den samme back-end. Da dette ogs\u00e5 inkluderer lageret, bliver den administrative del meget lettere.<\/p>\n<p>&nbsp;<\/p>\n<p>&nbsp;<\/p>\n<p>&nbsp;<\/td>\n<\/tr>\n<tr style=\"height: 32px;\">\n<td style=\"width: 30.0724%; vertical-align: top; height: 24px;\"><span style=\"color: #333333;\"><img decoding=\"async\" class=\"wp-image-3625 size-full aligncenter\" src=\"https:\/\/magecloud.agency\/wp-content\/uploads\/2020\/10\/Front-End-M-1-1.png\" alt=\"\" width=\"150\" height=\"114\" \/><\/span><\/td>\n<td style=\"width: 69.9276%; vertical-align: top; height: 24px;\">\n<h4 class=\"content-title\" style=\"text-align: left;\"><span style=\"color: #333333;\"><b>Front-end udvikling af responsiv design til Magento webshops<\/b><\/span><\/h4>\n<p style=\"text-align: left;\">Med et responsiv design, tilpasser vi som Magento udvikler, designet til forskellige sk\u00e6rmst\u00f8rrelse, s\u00e5 tekst, billeder, tabeller, menuer, grafik osv. skaleres, enten op eller ned, alt, afh\u00e6ngig af, hvilken enhed brugeren benytter til at se siden. I takt med den eksplosive udbredelse af mobile enheder, er et responsiv design blevet vigtigere end nogensinde f\u00f8r.<\/p>\n<p>&nbsp;<\/p>\n<p style=\"text-align: left;\">Som erfaren Front-end Magento udvikler &#8211; designer vi responsive webdesign, s\u00e5 din Magento 2 webshop vises uden fejl p\u00e5 smartphones, tablets og almindelige desktop computere. Vi tester p\u00e5 forskellige enheder, f.eks. computer, tablet eller smartphones, s\u00e5 du er sikret et webdesign, der ikke har fejlplacering af CTA&#8217;er, knapper, navigation m.m<\/p>\n<p>&nbsp;<\/p>\n<div class=\"span8\" style=\"text-align: left;\">\n<p style=\"text-align: left; margin-top: 10px;\"><span style=\"color: #333333;\">Vi integrerer widgets og udvidelser fra 3. part <\/span><span style=\"color: #333333;\">og tilbyder avanceret tilpasning af Magento Front-End.\u00a0<\/span><\/p>\n<\/div>\n<p>&nbsp;<\/p>\n<p>&nbsp;<\/p>\n<p>&nbsp;<\/td>\n<\/tr>\n<tr style=\"height: 24px;\">\n<td style=\"width: 30.0724%; vertical-align: top; height: 24px;\"><span style=\"color: #333333;\"><img decoding=\"async\" class=\"aligncenter wp-image-3419 size-full\" src=\"https:\/\/magecloud.agency\/wp-content\/uploads\/2020\/10\/Platform-Integrations-M.png\" alt=\"\" width=\"100\" height=\"167\" \/><\/span><\/td>\n<td style=\"width: 69.9276%; vertical-align: top; height: 24px;\">\n<h4 class=\"content-title\" style=\"text-align: left;\"><span style=\"color: #333333;\"><strong>Integration af Magento moduler<\/strong><\/span><\/h4>\n<p style=\"text-align: left;\">Vi benytter ordre management integration, s\u00e5 vi har indblik i m\u00f8nstre og konverteringer p\u00e5 Magento webshops. Jo flere integrationer Magento underst\u00f8tter, jo bedre k\u00f8rer Magento &#8211; og jo mindre tid, skal du bruge tid p\u00e5 den tekniske i din webshop. I stedet for kan du bruge tiden p\u00e5 at videreudvikle din online e-handelsforretningen.<\/p>\n<p>&nbsp;<\/p>\n<p style=\"text-align: left;\"><strong>Shipping<\/strong><strong>modul <\/strong><strong>integration<\/strong> (F.eks. Postnord, GLS, Coolrunner, Bring, Dao m.m.)<\/p>\n<p style=\"text-align: left;\"><strong>Betalings<\/strong><strong>gateway<\/strong><strong> integration<\/strong> (F.eks. Bambora, Dibs, Quickpay, Klarna, Paypal m.m.)<\/p>\n<p style=\"text-align: left;\"><strong>Lagerstyring<\/strong> (F.eks. Dynamics 365, Salesforce, e-conomic)<\/p>\n<p>&nbsp;<\/p>\n<p>&nbsp;<\/p>\n<p>&nbsp;<\/td>\n<\/tr>\n<tr style=\"height: 24px;\">\n<td style=\"width: 30.0724%; vertical-align: top; height: 24px;\"><span style=\"color: #333333;\"><img loading=\"lazy\" decoding=\"async\" class=\"aligncenter wp-image-3420 size-full\" src=\"https:\/\/magecloud.agency\/wp-content\/uploads\/2020\/10\/Plugins-Development-M.png\" alt=\"\" width=\"154\" height=\"112\" \/><\/span><\/td>\n<td style=\"width: 69.9276%; vertical-align: top; height: 24px;\">\n<h4 class=\"content-title\" style=\"text-align: left;\"><span style=\"color: #333333;\"><b>Udvikling af plugins til Magento webshops<\/b><\/span><\/h4>\n<p style=\"text-align: left;\"><span style=\"color: #333333;\">Vores Magento udvikler &#8211; koder nye extensions til Magento webshops fra bunden, men retter ogs\u00e5 eksisterende extensions til &#8211; det g\u00f8res ud fra dine \u00f8nsker og i overensstemmelse med retningslinjerne for Magento udvikling. Vores udvidelser testes i de seneste stabile versioner og i alle aktuelle webbrowsers, f\u00f8r de leveres og integreres i din Magento webshop.<\/span><\/p>\n<p>&nbsp;<\/p>\n<p>&nbsp;<\/td>\n<\/tr>\n<\/tbody>\n<\/table>\n<h2><\/h2>\n<\/div>\n<p style=\"text-align: center;\"><span style=\"font-weight: 400; color: #333333;\"><br \/>\n<strong>***<\/strong><\/span><\/p>\n<p>&nbsp;<\/p>\n<h4 style=\"text-align: left;\"><strong>Vi er et certificeret Magento udvikler og Top Rated som Magento Webbureau p\u00e5 Upwork.com<\/strong><\/h4>\n<p style=\"text-align: left;\">Kontakt vores danske salgskontor p\u00e5 +4530309624 og h\u00f8r mere.<br \/>\nDu kan ogs\u00e5 kontakte os ved at <a href=\"https:\/\/magecloud.agency\/dk\/kontakt-magecloud\/\">udfylde vores kontaktformular<\/a>. Eller skriv en mail til\u00a0<a href=\"mailto:info@magecloud.net\">info@magecloud.net<\/a>.<\/p>\n<p>&nbsp;<\/p>\n<p>&nbsp;<\/p>\n<h4 style=\"text-align: left;\"><strong>Hvad kan vi som, Top-Rated Magento udvikler kan hj\u00e6lpe dig med?<\/strong><\/h4>\n<p>&nbsp;<\/p>\n<div class=\"container_full main_blockwedo\" style=\"padding: 0\"><ul class=\"main_blockwedo_list\">\n            <li>\n                <div class=\"main_blockwedo_list_img\">\n                    <a href=\"\/dk\/opgrader-til-magento-2\/\">\n                        <img decoding=\"async\" class=\"branwdo\" src=\"https:\/\/magecloud.agency\/dk\/wp-content\/uploads\/sites\/3\/2020\/12\/Migration-to-Magento-2.png\"\n                             alt=\"Migrering til Magento 2\"\n                             title=\"Migrering til Magento 2\"><\/a>\n                <\/div>\n                <div class=\"main_blockwedo_list_title\">\n                    <a href=\"\/dk\/opgrader-til-magento-2\/\">\n                        <h5>Migrering til Magento 2<\/h5><\/a>\n                <\/div>\n\n                <div class=\"main_blockwedo_list_text\">Migrering til Magento 2<\/div>\n            <\/li>\n            <li>\n                <div class=\"main_blockwedo_list_img\">\n                    <a href=\"\/dk\/magento-teknisk-seo-analyse\/\">\n                        <img decoding=\"async\" class=\"branwdo\" src=\"https:\/\/magecloud.agency\/dk\/wp-content\/uploads\/sites\/3\/2021\/12\/Site-Audit-magento.png\"\n                             alt=\"Magento Teknisk SEO Analyse\"\n                             title=\"Magento Teknisk SEO Analyse\"><\/a>\n                <\/div>\n                <div class=\"main_blockwedo_list_title\">\n                    <a href=\"\/dk\/magento-teknisk-seo-analyse\/\">\n                        <h5>Magento Teknisk SEO Analyse<\/h5><\/a>\n                <\/div>\n\n                <div class=\"main_blockwedo_list_text\">Magento Teknisk SEO Analyse<\/div>\n            <\/li>\n            <li>\n                <div class=\"main_blockwedo_list_img\">\n                    <a href=\"\/dk\/magento-design\/\">\n                        <img decoding=\"async\" class=\"branwdo\" src=\"https:\/\/magecloud.agency\/dk\/wp-content\/uploads\/sites\/3\/2020\/12\/Magento-Design.png\"\n                             alt=\"Magento Design\"\n                             title=\"Magento Design\"><\/a>\n                <\/div>\n                <div class=\"main_blockwedo_list_title\">\n                    <a href=\"\/dk\/magento-design\/\">\n                        <h5>Magento Design<\/h5><\/a>\n                <\/div>\n\n                <div class=\"main_blockwedo_list_text\">Magento Design<\/div>\n            <\/li>\n            <li>\n                <div class=\"main_blockwedo_list_img\">\n                    <a href=\"\/dk\/magento-udvikler\/\">\n                        <img decoding=\"async\" class=\"branwdo\" src=\"https:\/\/magecloud.agency\/dk\/wp-content\/uploads\/sites\/3\/2020\/12\/Magento-Development.png\"\n                             alt=\"Magento Udvikling\"\n                             title=\"Magento Udvikling\"><\/a>\n                <\/div>\n                <div class=\"main_blockwedo_list_title\">\n                    <a href=\"\/dk\/magento-udvikler\/\">\n                        <h5>Magento Udvikling<\/h5><\/a>\n                <\/div>\n\n                <div class=\"main_blockwedo_list_text\">Magento Udvikling<\/div>\n            <\/li>\n            <li>\n                <div class=\"main_blockwedo_list_img\">\n                    <a href=\"\/dk\/magento-seo-optimering\/\">\n                        <img decoding=\"async\" class=\"branwdo\" src=\"https:\/\/magecloud.agency\/dk\/wp-content\/uploads\/sites\/3\/2020\/12\/Magento-SEOSEM.png\"\n                             alt=\"Magento SEO\"\n                             title=\"Magento SEO\"><\/a>\n                <\/div>\n                <div class=\"main_blockwedo_list_title\">\n                    <a href=\"\/dk\/magento-seo-optimering\/\">\n                        <h5>Magento SEO<\/h5><\/a>\n                <\/div>\n\n                <div class=\"main_blockwedo_list_text\">Magento SEO<\/div>\n            <\/li>\n            <li>\n                <div class=\"main_blockwedo_list_img\">\n                    <a href=\"\/dk\/magento-hastighedsoptimering\/\">\n                        <img decoding=\"async\" class=\"branwdo\" src=\"https:\/\/magecloud.agency\/dk\/wp-content\/uploads\/sites\/3\/2020\/12\/Magento-Speed-Optimization.png\"\n                             alt=\"Magento Hastighedsoptimering\"\n                             title=\"Magento Hastighedsoptimering\"><\/a>\n                <\/div>\n                <div class=\"main_blockwedo_list_title\">\n                    <a href=\"\/dk\/magento-hastighedsoptimering\/\">\n                        <h5>Magento Hastighedsoptimering<\/h5><\/a>\n                <\/div>\n\n                <div class=\"main_blockwedo_list_text\">Magento Hastighedsoptimering<\/div>\n            <\/li>\n            <li>\n                <div class=\"main_blockwedo_list_img\">\n                    <a href=\"\/dk\/magento-sikkerhed\/\">\n                        <img decoding=\"async\" class=\"branwdo\" src=\"https:\/\/magecloud.agency\/dk\/wp-content\/uploads\/sites\/3\/2020\/12\/Magento-Security-Review.png\"\n                             alt=\"Magento Sikkerhed\"\n                             title=\"Magento Sikkerhed\"><\/a>\n                <\/div>\n                <div class=\"main_blockwedo_list_title\">\n                    <a href=\"\/dk\/magento-sikkerhed\/\">\n                        <h5>Magento Sikkerhed<\/h5><\/a>\n                <\/div>\n\n                <div class=\"main_blockwedo_list_text\">Magento Sikkerhed<\/div>\n            <\/li>\n            <li>\n                <div class=\"main_blockwedo_list_img\">\n                    <a href=\"\/dk\/magento-support-og-vedligeholdelse\/\">\n                        <img decoding=\"async\" class=\"branwdo\" src=\"https:\/\/magecloud.agency\/dk\/wp-content\/uploads\/sites\/3\/2021\/12\/Outgoing-support-magento.png\"\n                             alt=\"Magento Vedligeholdelse\"\n                             title=\"Magento Vedligeholdelse\"><\/a>\n                <\/div>\n                <div class=\"main_blockwedo_list_title\">\n                    <a href=\"\/dk\/magento-support-og-vedligeholdelse\/\">\n                        <h5>Magento Vedligeholdelse<\/h5><\/a>\n                <\/div>\n\n                <div class=\"main_blockwedo_list_text\">Magento Vedligeholdelse<\/div>\n            <\/li><\/ul><\/div>\n","protected":false},"excerpt":{"rendered":"Top Rated Magento udvikling &amp; Magento Udvikler &nbsp; N\u00e5r nogen snakker om Magento udvikling, refererer de til den tekniske del af at udvikle og designe Magento webshops, s\u00e5 webshoppen fungerer ordentligt for brugeren. &nbsp; Som Magento webbureau har vi kontinuerlig kontakt og \u00e6rlig kommunikation med vores kunder &#8211; hele tiden! Du skal ikke vente p\u00e5&hellip;","protected":false},"author":1,"featured_media":0,"parent":0,"menu_order":12,"comment_status":"closed","ping_status":"closed","template":"","meta":{"_acf_changed":false,"inline_featured_image":false,"footnotes":""},"class_list":["post-312","page","type-page","status-publish","hentry"],"acf":[],"yoast_head":"<!-- This site is optimized with the Yoast SEO plugin v25.3 - https:\/\/yoast.com\/wordpress\/plugins\/seo\/ -->\n<title>Udvikling af Magento System \u00b7 Professionel udvikler af Magento webshop<\/title>\n<meta name=\"description\" content=\"Professionel og certificeret Magento udvikler til udvikling af Magento webshop \u2713 Certificeret i Magento Udvikling \u00b7 Ring +4530309624\" \/>\n<meta name=\"robots\" content=\"index, follow, max-snippet:-1, max-image-preview:large, max-video-preview:-1\" \/>\n<link rel=\"canonical\" href=\"https:\/\/magecloud.agency\/dk\/magento-udvikler\/\" \/>\n<meta property=\"og:locale\" content=\"en_US\" \/>\n<meta property=\"og:type\" content=\"article\" \/>\n<meta property=\"og:title\" content=\"Udvikling af Magento System \u00b7 Professionel udvikler af Magento webshop\" \/>\n<meta property=\"og:description\" content=\"Professionel og certificeret Magento udvikler til udvikling af Magento webshop \u2713 Certificeret i Magento Udvikling \u00b7 Ring +4530309624\" \/>\n<meta property=\"og:url\" content=\"https:\/\/magecloud.agency\/dk\/magento-udvikler\/\" \/>\n<meta property=\"og:site_name\" content=\"MageCloud DK\" \/>\n<meta property=\"article:modified_time\" content=\"2022-02-28T13:16:42+00:00\" \/>\n<meta property=\"og:image\" content=\"https:\/\/magecloud.agency\/wp-content\/uploads\/2020\/10\/Back-end-Development-1.png\" \/>\n<meta name=\"twitter:card\" content=\"summary_large_image\" \/>\n<meta name=\"twitter:label1\" content=\"Est. reading time\" \/>\n\t<meta name=\"twitter:data1\" content=\"4 minutes\" \/>\n<script type=\"application\/ld+json\" class=\"yoast-schema-graph\">{\"@context\":\"https:\/\/schema.org\",\"@graph\":[{\"@type\":\"WebPage\",\"@id\":\"https:\/\/magecloud.agency\/dk\/magento-udvikler\/\",\"url\":\"https:\/\/magecloud.agency\/dk\/magento-udvikler\/\",\"name\":\"Udvikling af Magento System \u00b7 Professionel udvikler af Magento webshop\",\"isPartOf\":{\"@id\":\"https:\/\/magecloud.agency\/dk\/#website\"},\"primaryImageOfPage\":{\"@id\":\"https:\/\/magecloud.agency\/dk\/magento-udvikler\/#primaryimage\"},\"image\":{\"@id\":\"https:\/\/magecloud.agency\/dk\/magento-udvikler\/#primaryimage\"},\"thumbnailUrl\":\"https:\/\/magecloud.agency\/wp-content\/uploads\/2020\/10\/Back-end-Development-1.png\",\"datePublished\":\"2019-08-16T12:11:02+00:00\",\"dateModified\":\"2022-02-28T13:16:42+00:00\",\"description\":\"Professionel og certificeret Magento udvikler til udvikling af Magento webshop \u2713 Certificeret i Magento Udvikling \u00b7 Ring +4530309624\",\"inLanguage\":\"en-US\",\"potentialAction\":[{\"@type\":\"ReadAction\",\"target\":[\"https:\/\/magecloud.agency\/dk\/magento-udvikler\/\"]}]},{\"@type\":\"ImageObject\",\"inLanguage\":\"en-US\",\"@id\":\"https:\/\/magecloud.agency\/dk\/magento-udvikler\/#primaryimage\",\"url\":\"https:\/\/magecloud.agency\/wp-content\/uploads\/2020\/10\/Back-end-Development-1.png\",\"contentUrl\":\"https:\/\/magecloud.agency\/wp-content\/uploads\/2020\/10\/Back-end-Development-1.png\"},{\"@type\":\"WebSite\",\"@id\":\"https:\/\/magecloud.agency\/dk\/#website\",\"url\":\"https:\/\/magecloud.agency\/dk\/\",\"name\":\"MageCloud DK\",\"description\":\"Just another MageCloud Sites site\",\"potentialAction\":[{\"@type\":\"SearchAction\",\"target\":{\"@type\":\"EntryPoint\",\"urlTemplate\":\"https:\/\/magecloud.agency\/dk\/?s={search_term_string}\"},\"query-input\":{\"@type\":\"PropertyValueSpecification\",\"valueRequired\":true,\"valueName\":\"search_term_string\"}}],\"inLanguage\":\"en-US\"}]}<\/script>\n<!-- \/ Yoast SEO plugin. -->","yoast_head_json":{"title":"Udvikling af Magento System \u00b7 Professionel udvikler af Magento webshop","description":"Professionel og certificeret Magento udvikler til udvikling af Magento webshop \u2713 Certificeret i Magento Udvikling \u00b7 Ring +4530309624","robots":{"index":"index","follow":"follow","max-snippet":"max-snippet:-1","max-image-preview":"max-image-preview:large","max-video-preview":"max-video-preview:-1"},"canonical":"https:\/\/magecloud.agency\/dk\/magento-udvikler\/","og_locale":"en_US","og_type":"article","og_title":"Udvikling af Magento System \u00b7 Professionel udvikler af Magento webshop","og_description":"Professionel og certificeret Magento udvikler til udvikling af Magento webshop \u2713 Certificeret i Magento Udvikling \u00b7 Ring +4530309624","og_url":"https:\/\/magecloud.agency\/dk\/magento-udvikler\/","og_site_name":"MageCloud DK","article_modified_time":"2022-02-28T13:16:42+00:00","og_image":[{"url":"https:\/\/magecloud.agency\/wp-content\/uploads\/2020\/10\/Back-end-Development-1.png","type":"","width":"","height":""}],"twitter_card":"summary_large_image","twitter_misc":{"Est. reading time":"4 minutes"},"schema":{"@context":"https:\/\/schema.org","@graph":[{"@type":"WebPage","@id":"https:\/\/magecloud.agency\/dk\/magento-udvikler\/","url":"https:\/\/magecloud.agency\/dk\/magento-udvikler\/","name":"Udvikling af Magento System \u00b7 Professionel udvikler af Magento webshop","isPartOf":{"@id":"https:\/\/magecloud.agency\/dk\/#website"},"primaryImageOfPage":{"@id":"https:\/\/magecloud.agency\/dk\/magento-udvikler\/#primaryimage"},"image":{"@id":"https:\/\/magecloud.agency\/dk\/magento-udvikler\/#primaryimage"},"thumbnailUrl":"https:\/\/magecloud.agency\/wp-content\/uploads\/2020\/10\/Back-end-Development-1.png","datePublished":"2019-08-16T12:11:02+00:00","dateModified":"2022-02-28T13:16:42+00:00","description":"Professionel og certificeret Magento udvikler til udvikling af Magento webshop \u2713 Certificeret i Magento Udvikling \u00b7 Ring +4530309624","inLanguage":"en-US","potentialAction":[{"@type":"ReadAction","target":["https:\/\/magecloud.agency\/dk\/magento-udvikler\/"]}]},{"@type":"ImageObject","inLanguage":"en-US","@id":"https:\/\/magecloud.agency\/dk\/magento-udvikler\/#primaryimage","url":"https:\/\/magecloud.agency\/wp-content\/uploads\/2020\/10\/Back-end-Development-1.png","contentUrl":"https:\/\/magecloud.agency\/wp-content\/uploads\/2020\/10\/Back-end-Development-1.png"},{"@type":"WebSite","@id":"https:\/\/magecloud.agency\/dk\/#website","url":"https:\/\/magecloud.agency\/dk\/","name":"MageCloud DK","description":"Just another MageCloud Sites site","potentialAction":[{"@type":"SearchAction","target":{"@type":"EntryPoint","urlTemplate":"https:\/\/magecloud.agency\/dk\/?s={search_term_string}"},"query-input":{"@type":"PropertyValueSpecification","valueRequired":true,"valueName":"search_term_string"}}],"inLanguage":"en-US"}]}},"_links":{"self":[{"href":"https:\/\/magecloud.agency\/dk\/wp-json\/wp\/v2\/pages\/312","targetHints":{"allow":["GET"]}}],"collection":[{"href":"https:\/\/magecloud.agency\/dk\/wp-json\/wp\/v2\/pages"}],"about":[{"href":"https:\/\/magecloud.agency\/dk\/wp-json\/wp\/v2\/types\/page"}],"author":[{"embeddable":true,"href":"https:\/\/magecloud.agency\/dk\/wp-json\/wp\/v2\/users\/1"}],"replies":[{"embeddable":true,"href":"https:\/\/magecloud.agency\/dk\/wp-json\/wp\/v2\/comments?post=312"}],"version-history":[{"count":58,"href":"https:\/\/magecloud.agency\/dk\/wp-json\/wp\/v2\/pages\/312\/revisions"}],"predecessor-version":[{"id":6389,"href":"https:\/\/magecloud.agency\/dk\/wp-json\/wp\/v2\/pages\/312\/revisions\/6389"}],"wp:attachment":[{"href":"https:\/\/magecloud.agency\/dk\/wp-json\/wp\/v2\/media?parent=312"}],"curies":[{"name":"wp","href":"https:\/\/api.w.org\/{rel}","templated":true}]}}