{"id":3077,"date":"2020-12-07T12:15:57","date_gmt":"2020-12-07T12:15:57","guid":{"rendered":"https:\/\/magecloud.agency\/dk\/?page_id=3077"},"modified":"2021-12-22T22:49:42","modified_gmt":"2021-12-22T22:49:42","slug":"wordpress-woocommerce-design","status":"publish","type":"page","link":"https:\/\/magecloud.agency\/dk\/wordpress-woocommerce-design\/","title":{"rendered":"WordPress eller WooCommerce Design"},"content":{"rendered":"<p style=\"text-align: left; margin-top: 12px;\"><span style=\"color: #333333;\"><span style=\"font-weight: 400;\">Hvis du ikke har erfaring med webdesign eller at drive en online virksomhed, s\u00e5 kan du f\u00e5 brug for hj\u00e6lp med dit WordPress or WooCommerce<\/span><span style=\"font-weight: 400;\"> design. Hos MageCloud kan vi hj\u00e6lpe dig med at designe din WordPress or WooCommerce <\/span><span style=\"font-weight: 400;\">hjemmeside. <\/span><\/span><\/p>\n<p style=\"text-align: left; margin-top: 12px;\"><span style=\"font-weight: 400; color: #333333;\">N\u00e5r dit brands hjemmeside er ansvarlig for at tiltr\u00e6kke kunder og, i sidste ende, s\u00e6lge dine produkter og services, s\u00e5 er det ikke bare rart at have en hjemmeside, der er funktionel, intuitiv og \u00e6stetisk tiltalende, det er en n\u00f8dvendighed.\u00a0<\/span><\/p>\n<p style=\"text-align: left; margin-top: 12px;\"><span style=\"color: #333333;\"><span style=\"font-weight: 400;\">Hvordan kan vi hj\u00e6lpe dig med WordPress or WooCommerce<\/span><span style=\"font-weight: 400;\">\u00a0webdesign? Der er adskillige m\u00e5der vi kan hj\u00e6lpe dig p\u00e5. Tag et kig p\u00e5 de forskellige omr\u00e5der vi fokuserer p\u00e5, lige her.<\/span><\/span><\/p>\n<p>&nbsp;<\/p>\n<div class=\"row\">\n<table style=\"border-collapse: collapse; width: 100%; margin-top: 60px; height: 511px;\">\n<tbody>\n<tr style=\"height: 347px;\">\n<td style=\"width: 30%; vertical-align: top; text-align: left; height: 347px;\"><span style=\"color: #333333; margin-top: 20px;\"><img fetchpriority=\"high\" decoding=\"async\" class=\"alignnone wp-image-3783 size-medium\" src=\"https:\/\/magecloud.agency\/wp-content\/uploads\/2020\/10\/Design-2-1-281x300.png\" alt=\"\" width=\"281\" height=\"300\" \/><\/span><\/td>\n<td style=\"vertical-align: top; width: 69.9332%; height: 347px;\">\n<h2 class=\"top-title\" style=\"text-align: left;\"><span style=\"color: #333333;\"><strong>WordPress or WooCommerce Design<\/strong><\/span><\/h2>\n<ul>\n<li style=\"text-align: left; margin-top: 24px;\">\n<h4 style=\"color: #333333;\"><span style=\"color: #333333;\"><b>Hurtige og Mobilvenlige Hjemmesider<\/b><\/span><\/h4>\n<p><span style=\"font-weight: 400; color: #333333;\">En afg\u00f8rende del af at drive enhver type af online virksomhed, er at optimere din hjemmeside til smartphones og tablets. Dette g\u00f8r det nemmere for folk at bruge din side, og det hj\u00e6lper med SEO. Derfor er det et fokus for vores WordPress or WooCommerce design. <\/span><\/li>\n<li style=\"font-weight: 400; text-align: left; margin-top: 24px;\">\n<h4 style=\"color: #333333;\"><span style=\"color: #333333;\"><b>Optimeret til konverteringer<\/b><\/span><\/h4>\n<p><span style=\"font-weight: 400; color: #333333;\">Vi s\u00f8rger ogs\u00e5 for at optimere din hjemmeside til konverteringer, s\u00e5 du f\u00e5r mest ud af din trafik og opn\u00e5r det salg du \u00f8nsker.<\/span><\/li>\n<li style=\"font-weight: 400; text-align: left; margin-top: 24px;\">\n<h4 style=\"color: #333333;\"><span style=\"color: #333333;\"><b>Hastighedsoptimering af web<\/b><\/span><\/h4>\n<p><span style=\"font-weight: 400; color: #333333;\">Med vores WordPress or WooCommerce design services, fokuserer vi ogs\u00e5 p\u00e5 din hjemmesides hastighed. Det bedste for dig er at have hurtige indl\u00e6sningstider, s\u00e5 dine kunder har nem adgang til dine produkter og services. Vi udf\u00f8rer hastighedstests s\u00e5 vi kan sikre, at din hjemmeside fungerer som den skal. <\/span><\/li>\n<li style=\"font-weight: 400; text-align: left; margin-top: 24px;\">\n<h4 style=\"color: #333333;\"><span style=\"color: #333333;\"><b>Brugervenlighedstest<\/b><\/span><\/h4>\n<p><span style=\"font-weight: 400; color: #333333;\">Hvad er den bedste m\u00e5de at stille din side op p\u00e5? Hvordan f\u00e5r du flest konverteringer? Uden at k\u00f8re nogle tests er det umuligt at vide. Derfor tilbyder vi analyser af brugervenlighed, hvor vi laver A\/B split-tests, for at se hvor din side kunne have brug for optimering.<\/span><\/li>\n<\/ul>\n<p>&nbsp;<\/td>\n<\/tr>\n<\/tbody>\n<\/table>\n<\/div>\n<p>&nbsp;<\/p>\n<p>&nbsp;<\/p>\n<p style=\"text-align: center;\"><span style=\"font-weight: 400; color: #333333;\"><br \/>\n<strong>***<\/strong><\/span><\/p>\n<p>&nbsp;<\/p>\n<p style=\"text-align: left;\"><span style=\"color: #333333;\"><b>Har du brug for hj\u00e6lp til at f\u00e5 din WordPress or WooCommerce<\/b><b>\u00a0side til at k\u00f8re optimalt for din virksomhed og kunder?<\/b><\/span><\/p>\n<p style=\"text-align: left; margin-top: 12px;\"><span style=\"color: #333333;\"><span style=\"font-weight: 400;\">Du f\u00e5r m\u00e5ske brug for noget hj\u00e6lp fra eksperter i WordPress or WooCommerce<\/span><span style=\"font-weight: 400;\"> udvikling. Hos MageCloud kan vi tilbyde dig den hj\u00e6lp. Vi er eksperter i WordPress or WooCommerce<\/span><span style=\"font-weight: 400;\">\u00a0udvikling og vi kan hj\u00e6lpe dig med at skabe og opdatere en side, s\u00e5 den fungerer som den skal.\u00a0<\/span><\/span><\/p>\n<p>&nbsp;<\/p>\n<p style=\"text-align: left;\"><span style=\"color: #333333;\">Vi tilbyder ogs\u00e5 andre WordPress og WooCommerce<span style=\"font-weight: 400;\">\u00a0services, som du kan l\u00e6se mere om herunder.<\/span><\/span><\/p>\n<div class=\"container_full main_blockwedo\" style=\"padding: 0\"><ul class=\"main_blockwedo_list\">\n            <li>\n                <div class=\"main_blockwedo_list_img\">\n                    <a href=\"\/dk\/flyt-til-wordpress-woocommerce\/\">\n                        <img decoding=\"async\" class=\"branwdo\" src=\"https:\/\/magecloud.agency\/dk\/wp-content\/uploads\/sites\/3\/2021\/12\/Migration-to-woo.png\"\n                             alt=\"Migrering til Wordpress\"\n                             title=\"Migrering til Wordpress\"><\/a>\n                <\/div>\n                <div class=\"main_blockwedo_list_title\">\n                    <a href=\"\/dk\/flyt-til-wordpress-woocommerce\/\">\n                        <h5>Migrering til Wordpress<\/h5><\/a>\n                <\/div>\n\n                <div class=\"main_blockwedo_list_text\">Migrering til Wordpress<\/div>\n            <\/li>\n            <li>\n                <div class=\"main_blockwedo_list_img\">\n                    <a href=\"\/dk\/wordpress-woocommerce-analyse\/\">\n                        <img decoding=\"async\" class=\"branwdo\" src=\"https:\/\/magecloud.agency\/dk\/wp-content\/uploads\/sites\/3\/2021\/12\/Site-Audit-woo.png\"\n                             alt=\"Wordpress \/ WooCommerce Teknisk SEO Analyse\"\n                             title=\"Wordpress \/ WooCommerce Teknisk SEO Analyse\"><\/a>\n                <\/div>\n                <div class=\"main_blockwedo_list_title\">\n                    <a href=\"\/dk\/wordpress-woocommerce-analyse\/\">\n                        <h5>Wordpress \/ WooCommerce Teknisk SEO Analyse<\/h5><\/a>\n                <\/div>\n\n                <div class=\"main_blockwedo_list_text\">Wordpress \/ WooCommerce Teknisk SEO Analyse<\/div>\n            <\/li>\n            <li>\n                <div class=\"main_blockwedo_list_img\">\n                    <a href=\"\/dk\/wordpress-woocommerce-design\/\">\n                        <img decoding=\"async\" class=\"branwdo\" src=\"https:\/\/magecloud.agency\/dk\/wp-content\/uploads\/sites\/3\/2020\/12\/Magento-Design.png\"\n                             alt=\"Wordpress \/ WooCommerce Design\"\n                             title=\"Wordpress \/ WooCommerce Design\"><\/a>\n                <\/div>\n                <div class=\"main_blockwedo_list_title\">\n                    <a href=\"\/dk\/wordpress-woocommerce-design\/\">\n                        <h5>Wordpress \/ WooCommerce Design<\/h5><\/a>\n                <\/div>\n\n                <div class=\"main_blockwedo_list_text\">Wordpress \/ WooCommerce Design<\/div>\n            <\/li>\n            <li>\n                <div class=\"main_blockwedo_list_img\">\n                    <a href=\"\/dk\/wordpress-woocommerce-udvikling\/\">\n                        <img decoding=\"async\" class=\"branwdo\" src=\"https:\/\/magecloud.agency\/dk\/wp-content\/uploads\/sites\/3\/2021\/12\/Woo-Development.png\"\n                             alt=\"Wordpress \/ WooCommerce Udvikling\"\n                             title=\"Wordpress \/ WooCommerce Udvikling\"><\/a>\n                <\/div>\n                <div class=\"main_blockwedo_list_title\">\n                    <a href=\"\/dk\/wordpress-woocommerce-udvikling\/\">\n                        <h5>Wordpress \/ WooCommerce Udvikling<\/h5><\/a>\n                <\/div>\n\n                <div class=\"main_blockwedo_list_text\">Wordpress \/ WooCommerce Udvikling<\/div>\n            <\/li>\n            <li>\n                <div class=\"main_blockwedo_list_img\">\n                    <a href=\"\/dk\/wordpress-woocommerce-seo\/\">\n                        <img decoding=\"async\" class=\"branwdo\" src=\"https:\/\/magecloud.agency\/dk\/wp-content\/uploads\/sites\/3\/2020\/12\/Magento-SEOSEM.png\"\n                             alt=\"Wordpress \/ WooCommerce SEO\"\n                             title=\"Wordpress \/ WooCommerce SEO\"><\/a>\n                <\/div>\n                <div class=\"main_blockwedo_list_title\">\n                    <a href=\"\/dk\/wordpress-woocommerce-seo\/\">\n                        <h5>Wordpress \/ WooCommerce SEO<\/h5><\/a>\n                <\/div>\n\n                <div class=\"main_blockwedo_list_text\">Wordpress \/ WooCommerce SEO<\/div>\n            <\/li>\n            <li>\n                <div class=\"main_blockwedo_list_img\">\n                    <a href=\"\/dk\/wordpress-woocommerce-optimering-af-hastighed\/\">\n                        <img decoding=\"async\" class=\"branwdo\" src=\"https:\/\/magecloud.agency\/dk\/wp-content\/uploads\/sites\/3\/2021\/12\/Woo-Speed-Optimization.png\"\n                             alt=\"Wordpress \/ WooCommerce Hastighedsoptimering\"\n                             title=\"Wordpress \/ WooCommerce Hastighedsoptimering\"><\/a>\n                <\/div>\n                <div class=\"main_blockwedo_list_title\">\n                    <a href=\"\/dk\/wordpress-woocommerce-optimering-af-hastighed\/\">\n                        <h5>Wordpress \/ WooCommerce Hastighedsoptimering<\/h5><\/a>\n                <\/div>\n\n                <div class=\"main_blockwedo_list_text\">Wordpress \/ WooCommerce Hastighedsoptimering<\/div>\n            <\/li>\n            <li>\n                <div class=\"main_blockwedo_list_img\">\n                    <a href=\"\/dk\/wordpress-woocommerce-sikkerhed\/\">\n                        <img decoding=\"async\" class=\"branwdo\" src=\"https:\/\/magecloud.agency\/dk\/wp-content\/uploads\/sites\/3\/2021\/12\/Shopify-Security-Review-woo.png\"\n                             alt=\"Wordpress \/ WooCommerce Sikkerhed\"\n                             title=\"Wordpress \/ WooCommerce Sikkerhed\"><\/a>\n                <\/div>\n                <div class=\"main_blockwedo_list_title\">\n                    <a href=\"\/dk\/wordpress-woocommerce-sikkerhed\/\">\n                        <h5>Wordpress \/ WooCommerce Sikkerhed<\/h5><\/a>\n                <\/div>\n\n                <div class=\"main_blockwedo_list_text\">Wordpress \/ WooCommerce Sikkerhed<\/div>\n            <\/li>\n            <li>\n                <div class=\"main_blockwedo_list_img\">\n                    <a href=\"\/dk\/wordpress-woocommerce-vedligeholdelse\/\">\n                        <img decoding=\"async\" class=\"branwdo\" src=\"https:\/\/magecloud.agency\/dk\/wp-content\/uploads\/sites\/3\/2021\/12\/Outgoing-support-woo.png\"\n                             alt=\"Wordpress \/ WooCommerce Vedligeholdelse\"\n                             title=\"Wordpress \/ WooCommerce Vedligeholdelse\"><\/a>\n                <\/div>\n                <div class=\"main_blockwedo_list_title\">\n                    <a href=\"\/dk\/wordpress-woocommerce-vedligeholdelse\/\">\n                        <h5>Wordpress \/ WooCommerce Vedligeholdelse<\/h5><\/a>\n                <\/div>\n\n                <div class=\"main_blockwedo_list_text\">Wordpress \/ WooCommerce Vedligeholdelse<\/div>\n            <\/li><\/ul><\/div>\n","protected":false},"excerpt":{"rendered":"Hvis du ikke har erfaring med webdesign eller at drive en online virksomhed, s\u00e5 kan du f\u00e5 brug for hj\u00e6lp med dit WordPress or WooCommerce design. Hos MageCloud kan vi hj\u00e6lpe dig med at designe din WordPress or WooCommerce hjemmeside. N\u00e5r dit brands hjemmeside er ansvarlig for at tiltr\u00e6kke kunder og, i sidste ende, s\u00e6lge&hellip;","protected":false},"author":1,"featured_media":0,"parent":0,"menu_order":8,"comment_status":"closed","ping_status":"closed","template":"","meta":{"_acf_changed":false,"inline_featured_image":false,"footnotes":""},"class_list":["post-3077","page","type-page","status-publish","hentry"],"acf":[],"yoast_head":"<!-- This site is optimized with the Yoast SEO plugin v25.3 - https:\/\/yoast.com\/wordpress\/plugins\/seo\/ -->\n<title>\u00d8g konverteringsrate i Wordpress og WooCommerce \u00bb Ring nu<\/title>\n<meta name=\"description\" content=\"\u00d8g din konverteringsrate med konverteringsvenligt design \u2713 Wordpress og WooCommerce design tilpasning \u2713 Skabeloner og Themes \u00e6ndringer \u00b7 Ring nu p\u00e5 +45 30309624\" \/>\n<meta name=\"robots\" content=\"index, follow, max-snippet:-1, max-image-preview:large, max-video-preview:-1\" \/>\n<link rel=\"canonical\" href=\"https:\/\/magecloud.agency\/dk\/wordpress-woocommerce-design\/\" \/>\n<meta property=\"og:locale\" content=\"en_US\" \/>\n<meta property=\"og:type\" content=\"article\" \/>\n<meta property=\"og:title\" content=\"\u00d8g konverteringsrate i Wordpress og WooCommerce \u00bb Ring nu\" \/>\n<meta property=\"og:description\" content=\"\u00d8g din konverteringsrate med konverteringsvenligt design \u2713 Wordpress og WooCommerce design tilpasning \u2713 Skabeloner og Themes \u00e6ndringer \u00b7 Ring nu p\u00e5 +45 30309624\" \/>\n<meta property=\"og:url\" content=\"https:\/\/magecloud.agency\/dk\/wordpress-woocommerce-design\/\" \/>\n<meta property=\"og:site_name\" content=\"MageCloud DK\" \/>\n<meta property=\"article:modified_time\" content=\"2021-12-22T22:49:42+00:00\" \/>\n<meta property=\"og:image\" content=\"https:\/\/magecloud.agency\/wp-content\/uploads\/2020\/10\/Design-2-1-281x300.png\" \/>\n<meta name=\"twitter:card\" content=\"summary_large_image\" \/>\n<meta name=\"twitter:label1\" content=\"Est. reading time\" \/>\n\t<meta name=\"twitter:data1\" content=\"2 minutes\" \/>\n<script type=\"application\/ld+json\" class=\"yoast-schema-graph\">{\"@context\":\"https:\/\/schema.org\",\"@graph\":[{\"@type\":\"WebPage\",\"@id\":\"https:\/\/magecloud.agency\/dk\/wordpress-woocommerce-design\/\",\"url\":\"https:\/\/magecloud.agency\/dk\/wordpress-woocommerce-design\/\",\"name\":\"\u00d8g konverteringsrate i Wordpress og WooCommerce \u00bb Ring nu\",\"isPartOf\":{\"@id\":\"https:\/\/magecloud.agency\/dk\/#website\"},\"primaryImageOfPage\":{\"@id\":\"https:\/\/magecloud.agency\/dk\/wordpress-woocommerce-design\/#primaryimage\"},\"image\":{\"@id\":\"https:\/\/magecloud.agency\/dk\/wordpress-woocommerce-design\/#primaryimage\"},\"thumbnailUrl\":\"https:\/\/magecloud.agency\/wp-content\/uploads\/2020\/10\/Design-2-1-281x300.png\",\"datePublished\":\"2020-12-07T12:15:57+00:00\",\"dateModified\":\"2021-12-22T22:49:42+00:00\",\"description\":\"\u00d8g din konverteringsrate med konverteringsvenligt design \u2713 Wordpress og WooCommerce design tilpasning \u2713 Skabeloner og Themes \u00e6ndringer \u00b7 Ring nu p\u00e5 +45 30309624\",\"inLanguage\":\"en-US\",\"potentialAction\":[{\"@type\":\"ReadAction\",\"target\":[\"https:\/\/magecloud.agency\/dk\/wordpress-woocommerce-design\/\"]}]},{\"@type\":\"ImageObject\",\"inLanguage\":\"en-US\",\"@id\":\"https:\/\/magecloud.agency\/dk\/wordpress-woocommerce-design\/#primaryimage\",\"url\":\"https:\/\/magecloud.agency\/wp-content\/uploads\/2020\/10\/Design-2-1-281x300.png\",\"contentUrl\":\"https:\/\/magecloud.agency\/wp-content\/uploads\/2020\/10\/Design-2-1-281x300.png\"},{\"@type\":\"WebSite\",\"@id\":\"https:\/\/magecloud.agency\/dk\/#website\",\"url\":\"https:\/\/magecloud.agency\/dk\/\",\"name\":\"MageCloud DK\",\"description\":\"Just another MageCloud Sites site\",\"potentialAction\":[{\"@type\":\"SearchAction\",\"target\":{\"@type\":\"EntryPoint\",\"urlTemplate\":\"https:\/\/magecloud.agency\/dk\/?s={search_term_string}\"},\"query-input\":{\"@type\":\"PropertyValueSpecification\",\"valueRequired\":true,\"valueName\":\"search_term_string\"}}],\"inLanguage\":\"en-US\"}]}<\/script>\n<!-- \/ Yoast SEO plugin. -->","yoast_head_json":{"title":"\u00d8g konverteringsrate i Wordpress og WooCommerce \u00bb Ring nu","description":"\u00d8g din konverteringsrate med konverteringsvenligt design \u2713 Wordpress og WooCommerce design tilpasning \u2713 Skabeloner og Themes \u00e6ndringer \u00b7 Ring nu p\u00e5 +45 30309624","robots":{"index":"index","follow":"follow","max-snippet":"max-snippet:-1","max-image-preview":"max-image-preview:large","max-video-preview":"max-video-preview:-1"},"canonical":"https:\/\/magecloud.agency\/dk\/wordpress-woocommerce-design\/","og_locale":"en_US","og_type":"article","og_title":"\u00d8g konverteringsrate i Wordpress og WooCommerce \u00bb Ring nu","og_description":"\u00d8g din konverteringsrate med konverteringsvenligt design \u2713 Wordpress og WooCommerce design tilpasning \u2713 Skabeloner og Themes \u00e6ndringer \u00b7 Ring nu p\u00e5 +45 30309624","og_url":"https:\/\/magecloud.agency\/dk\/wordpress-woocommerce-design\/","og_site_name":"MageCloud DK","article_modified_time":"2021-12-22T22:49:42+00:00","og_image":[{"url":"https:\/\/magecloud.agency\/wp-content\/uploads\/2020\/10\/Design-2-1-281x300.png","type":"","width":"","height":""}],"twitter_card":"summary_large_image","twitter_misc":{"Est. reading time":"2 minutes"},"schema":{"@context":"https:\/\/schema.org","@graph":[{"@type":"WebPage","@id":"https:\/\/magecloud.agency\/dk\/wordpress-woocommerce-design\/","url":"https:\/\/magecloud.agency\/dk\/wordpress-woocommerce-design\/","name":"\u00d8g konverteringsrate i Wordpress og WooCommerce \u00bb Ring nu","isPartOf":{"@id":"https:\/\/magecloud.agency\/dk\/#website"},"primaryImageOfPage":{"@id":"https:\/\/magecloud.agency\/dk\/wordpress-woocommerce-design\/#primaryimage"},"image":{"@id":"https:\/\/magecloud.agency\/dk\/wordpress-woocommerce-design\/#primaryimage"},"thumbnailUrl":"https:\/\/magecloud.agency\/wp-content\/uploads\/2020\/10\/Design-2-1-281x300.png","datePublished":"2020-12-07T12:15:57+00:00","dateModified":"2021-12-22T22:49:42+00:00","description":"\u00d8g din konverteringsrate med konverteringsvenligt design \u2713 Wordpress og WooCommerce design tilpasning \u2713 Skabeloner og Themes \u00e6ndringer \u00b7 Ring nu p\u00e5 +45 30309624","inLanguage":"en-US","potentialAction":[{"@type":"ReadAction","target":["https:\/\/magecloud.agency\/dk\/wordpress-woocommerce-design\/"]}]},{"@type":"ImageObject","inLanguage":"en-US","@id":"https:\/\/magecloud.agency\/dk\/wordpress-woocommerce-design\/#primaryimage","url":"https:\/\/magecloud.agency\/wp-content\/uploads\/2020\/10\/Design-2-1-281x300.png","contentUrl":"https:\/\/magecloud.agency\/wp-content\/uploads\/2020\/10\/Design-2-1-281x300.png"},{"@type":"WebSite","@id":"https:\/\/magecloud.agency\/dk\/#website","url":"https:\/\/magecloud.agency\/dk\/","name":"MageCloud DK","description":"Just another MageCloud Sites site","potentialAction":[{"@type":"SearchAction","target":{"@type":"EntryPoint","urlTemplate":"https:\/\/magecloud.agency\/dk\/?s={search_term_string}"},"query-input":{"@type":"PropertyValueSpecification","valueRequired":true,"valueName":"search_term_string"}}],"inLanguage":"en-US"}]}},"_links":{"self":[{"href":"https:\/\/magecloud.agency\/dk\/wp-json\/wp\/v2\/pages\/3077","targetHints":{"allow":["GET"]}}],"collection":[{"href":"https:\/\/magecloud.agency\/dk\/wp-json\/wp\/v2\/pages"}],"about":[{"href":"https:\/\/magecloud.agency\/dk\/wp-json\/wp\/v2\/types\/page"}],"author":[{"embeddable":true,"href":"https:\/\/magecloud.agency\/dk\/wp-json\/wp\/v2\/users\/1"}],"replies":[{"embeddable":true,"href":"https:\/\/magecloud.agency\/dk\/wp-json\/wp\/v2\/comments?post=3077"}],"version-history":[{"count":18,"href":"https:\/\/magecloud.agency\/dk\/wp-json\/wp\/v2\/pages\/3077\/revisions"}],"predecessor-version":[{"id":5407,"href":"https:\/\/magecloud.agency\/dk\/wp-json\/wp\/v2\/pages\/3077\/revisions\/5407"}],"wp:attachment":[{"href":"https:\/\/magecloud.agency\/dk\/wp-json\/wp\/v2\/media?parent=3077"}],"curies":[{"name":"wp","href":"https:\/\/api.w.org\/{rel}","templated":true}]}}