{"id":3066,"date":"2020-12-07T12:01:56","date_gmt":"2020-12-07T12:01:56","guid":{"rendered":"https:\/\/magecloud.agency\/dk\/?page_id=3066"},"modified":"2022-02-14T08:49:54","modified_gmt":"2022-02-14T08:49:54","slug":"shopify-themes-design-tilpasning","status":"publish","type":"page","link":"https:\/\/magecloud.agency\/dk\/shopify-themes-design-tilpasning\/","title":{"rendered":"Shopify Design"},"content":{"rendered":"<h2 style=\"text-align: left;\"><strong>Hvad betyder et godt konverteringsvenligt Shopify Design?<\/strong><\/h2>\n<p>&nbsp;<\/p>\n<p style=\"text-align: left;\">Shopify er en af verdens mest benyttet e-handelsplatform til at drive e-handel. Og det er der en god grund til. Det skyldes, at denne e-handelsplatform er kendt for brugervenlighed og tilpasning. Selvom det er en l\u00e5st e-handelsplatform, er det stadig muligt at tilrette dit egen Shopify skabelon og Shopify themes, s\u00e5 dit Shopify design er helt unik.<\/p>\n<p>&nbsp;<\/p>\n<p style=\"text-align: left;\">Bare fordi du benytter Shopify som platform til din webshop, betyder det ikke, at salget str\u00f8mmer ind. Designet i din Shopify webshop og om webshoppen har en nemt intuitivt checkout side, betyder noget for din konverteringsrate.<\/p>\n<p>&nbsp;<\/p>\n<h2 style=\"text-align: left;\">G\u00f8r Shopify endnu mere konverteringsvenlig<\/h2>\n<p style=\"text-align: left;\">Heldigvis giver Shopify mulighed for, at brugergr\u00e6nsefladen kan designes, s\u00e5 den har et endnu mere konverteringsvenligt design, og dermed \u00f8ge din konverteringsrate.<\/p>\n<p>&nbsp;<\/p>\n<p style=\"text-align: left;\">Det er n\u00f8dvendigt at have et responsiv Shopify design, da handel via desktop er overhalet af handel via mobile enheder. Derfor skal du sikre, at din webshop ser tiltalende ud p\u00e5 alle enhederne. Et responsiv Shopify webdesign kan gavne dig p\u00e5 mange m\u00e5der &#8211; det kan \u00f8ge konverteringer og forbedre din placering i s\u00f8gemaskinerne.<\/p>\n<div class=\"row\">\n<table style=\"border-collapse: collapse; width: 100%; margin-top: 60px; height: 511px;\">\n<tbody>\n<tr style=\"height: 347px;\">\n<td style=\"width: 30%; vertical-align: top; text-align: left; height: 347px;\"><span style=\"color: #333333; margin-top: 20px;\"><img fetchpriority=\"high\" decoding=\"async\" class=\"alignnone wp-image-3783 size-medium\" src=\"https:\/\/magecloud.agency\/wp-content\/uploads\/2020\/10\/Design-2-1-281x300.png\" alt=\"\" width=\"281\" height=\"300\" \/><\/span><\/td>\n<td style=\"vertical-align: top; width: 69.9332%; height: 347px;\">\n<h2 class=\"top-title\" style=\"text-align: left;\"><span style=\"color: #333333;\"><strong>Shopify Skabeloner og Shopify Themes<\/strong><\/span><\/h2>\n<p>&nbsp;<\/p>\n<p style=\"text-align: left;\"><strong>Hurtig og responsiv Shopify Design<\/strong><\/p>\n<p style=\"text-align: left;\">Da online handel via mobile enheder har overhalet, handel via desktop, er det et &#8220;must\u201d, at webshop er responsiv. Den skal v\u00e6re optimeret til smartphones og tablets. Et responsivt webdesign skalerer automatisk indholdet og elementerne og sikrer, at brugerne ser alt, hvad de har brug for at se \u2013 ingen manglende elementer eller besk\u00e5rne billeder.<\/p>\n<p>&nbsp;<\/p>\n<p style=\"text-align: left;\"><strong>Konverteringsoptimering af Shopify Skabeloner<\/strong><\/p>\n<p style=\"text-align: left;\">Vi s\u00f8rger ogs\u00e5 for at optimere din Shopify skabeloner til konverteringer, s\u00e5 du f\u00e5r mest ud af din trafik og opn\u00e5r det salg, du \u00f8nsker.<\/p>\n<p>&nbsp;<\/p>\n<p style=\"text-align: left;\"><strong>Hastighedsoptimering af Shopify Themes<\/strong><\/p>\n<p style=\"text-align: left;\">N\u00e5r vi designer webshops, har vi fokus p\u00e5 hastigheden. Shoppen skal nemlig have hurtige indl\u00e6sningstider, s\u00e5 dine kunder hurtig kan finde dine produkter eller services. Derfor s\u00f8rger vi for hele vejen igennem at designe konverteringsoptimeret webshops. Vi tester l\u00f8bende i udviklingsprocessen, indl\u00e6sningshastighed m.m., s\u00e5 vi kan sikre, at Shopify Themes fungerer optimalt.<\/p>\n<p>&nbsp;<\/p>\n<p style=\"text-align: left;\"><strong>Brugervenlighedstest af Shopify Skabeloner og Shopify Themes<\/strong><\/p>\n<p style=\"text-align: left;\">Hvilke design konverterer bedst? Hvordan f\u00e5r du flest konverteringer? Det er vigtigt at udf\u00f8re brugervenlighedstest via A\/B splittest, s\u00e5 du ved, du har det mest optimale webdesign, som ogs\u00e5 konverterer bedst. Har du allerede en Shopify webshop, og er i tvivl, om din brugervenlighed er i top? Vi tilbyder UX test med A\/B split-tests, for at se, hvor din Shopify webshop beh\u00f8ver konverteringsoptimering.<\/p>\n<p>&nbsp;<\/td>\n<\/tr>\n<\/tbody>\n<\/table>\n<\/div>\n<p>&nbsp;<\/p>\n<p>&nbsp;<\/p>\n<p style=\"text-align: center;\"><span style=\"font-weight: 400; color: #333333;\"><br \/>\n<strong>***<\/strong><\/span><\/p>\n<p>&nbsp;<\/p>\n<h4 style=\"text-align: left;\"><strong>Vi er Top Rated Shopify Bureau og eksperter i Shopify Design<\/strong><\/h4>\n<p style=\"text-align: left;\">Kontakt vores danske salgskontor p\u00e5+4530309624, og h\u00f8r mere.<br \/>\nDu kan ogs\u00e5 kontakte os ved <a href=\"https:\/\/magecloud.agency\/dk\/kontakt-magecloud\/\">udfylde vores kontaktformular<\/a>.\u00a0Eller skriv en mail til <a href=\"mailto:info@magecloud.net\">info@magecloud.net<\/a>.<\/p>\n<p>&nbsp;<\/p>\n<p><span style=\"color: #333333;\"><b>\u00a0<\/b><\/span><\/p>\n<h4 style=\"text-align: left;\"><strong>Hvad kan vi, som Top-Rated Shopify Bureau, kan hj\u00e6lpe dig med?<\/strong><\/h4>\n<p>&nbsp;<\/p>\n<div class=\"container_full main_blockwedo\" style=\"padding: 0\"><ul class=\"main_blockwedo_list\">\n            <li>\n                <div class=\"main_blockwedo_list_img\">\n                    <a href=\"\/dk\/flyt-til-shopify-eller-shopify-plus\/\">\n                        <img decoding=\"async\" class=\"branwdo\" src=\"https:\/\/magecloud.agency\/dk\/wp-content\/uploads\/sites\/3\/2021\/12\/Migration-to-Shopify2.png\"\n                             alt=\"Migrering til Shopify\"\n                             title=\"Migrering til Shopify\"><\/a>\n                <\/div>\n                <div class=\"main_blockwedo_list_title\">\n                    <a href=\"\/dk\/flyt-til-shopify-eller-shopify-plus\/\">\n                        <h5>Migrering til Shopify<\/h5><\/a>\n                <\/div>\n\n                <div class=\"main_blockwedo_list_text\">Migrering til Shopify<\/div>\n            <\/li>\n            <li>\n                <div class=\"main_blockwedo_list_img\">\n                    <a href=\"\/dk\/shopify-analyse-af-seo-indstillinger\/\">\n                        <img decoding=\"async\" class=\"branwdo\" src=\"https:\/\/magecloud.agency\/dk\/wp-content\/uploads\/sites\/3\/2021\/12\/Site-Audit-shopify.png\"\n                             alt=\"Shopify Teknisk SEO Analyse\"\n                             title=\"Shopify Teknisk SEO Analyse\"><\/a>\n                <\/div>\n                <div class=\"main_blockwedo_list_title\">\n                    <a href=\"\/dk\/shopify-analyse-af-seo-indstillinger\/\">\n                        <h5>Shopify Teknisk SEO Analyse<\/h5><\/a>\n                <\/div>\n\n                <div class=\"main_blockwedo_list_text\">Shopify Teknisk SEO Analyse<\/div>\n            <\/li>\n            <li>\n                <div class=\"main_blockwedo_list_img\">\n                    <a href=\"\/dk\/shopify-themes-design-tilpasning\/\">\n                        <img decoding=\"async\" class=\"branwdo\" src=\"https:\/\/magecloud.agency\/dk\/wp-content\/uploads\/sites\/3\/2020\/12\/Magento-Design.png\"\n                             alt=\"Shopify Design\"\n                             title=\"Shopify Design\"><\/a>\n                <\/div>\n                <div class=\"main_blockwedo_list_title\">\n                    <a href=\"\/dk\/shopify-themes-design-tilpasning\/\">\n                        <h5>Shopify Design<\/h5><\/a>\n                <\/div>\n\n                <div class=\"main_blockwedo_list_text\">Shopify Design<\/div>\n            <\/li>\n            <li>\n                <div class=\"main_blockwedo_list_img\">\n                    <a href=\"\/dk\/shopify-udvikling\/\">\n                        <img decoding=\"async\" class=\"branwdo\" src=\"https:\/\/magecloud.agency\/dk\/wp-content\/uploads\/sites\/3\/2021\/12\/Shopify-Development2-11.png\"\n                             alt=\"Shopify Udvikling\"\n                             title=\"Shopify Udvikling\"><\/a>\n                <\/div>\n                <div class=\"main_blockwedo_list_title\">\n                    <a href=\"\/dk\/shopify-udvikling\/\">\n                        <h5>Shopify Udvikling<\/h5><\/a>\n                <\/div>\n\n                <div class=\"main_blockwedo_list_text\">Shopify Udvikling<\/div>\n            <\/li>\n            <li>\n                <div class=\"main_blockwedo_list_img\">\n                    <a href=\"\/dk\/shopify-soegemaskineoptimering\/\">\n                        <img decoding=\"async\" class=\"branwdo\" src=\"https:\/\/magecloud.agency\/dk\/wp-content\/uploads\/sites\/3\/2020\/12\/Magento-SEOSEM.png\"\n                             alt=\"Shopify SEO\"\n                             title=\"Shopify SEO\"><\/a>\n                <\/div>\n                <div class=\"main_blockwedo_list_title\">\n                    <a href=\"\/dk\/shopify-soegemaskineoptimering\/\">\n                        <h5>Shopify SEO<\/h5><\/a>\n                <\/div>\n\n                <div class=\"main_blockwedo_list_text\">Shopify SEO<\/div>\n            <\/li>\n            <li>\n                <div class=\"main_blockwedo_list_img\">\n                    <a href=\"\/dk\/optimere-shopify-ydeevne\/\">\n                        <img decoding=\"async\" class=\"branwdo\" src=\"https:\/\/magecloud.agency\/dk\/wp-content\/uploads\/sites\/3\/2021\/12\/Shopify-Speed-Optimization21.png\"\n                             alt=\"Shopify Hastighedsoptimering\"\n                             title=\"Shopify Hastighedsoptimering\"><\/a>\n                <\/div>\n                <div class=\"main_blockwedo_list_title\">\n                    <a href=\"\/dk\/optimere-shopify-ydeevne\/\">\n                        <h5>Shopify Hastighedsoptimering<\/h5><\/a>\n                <\/div>\n\n                <div class=\"main_blockwedo_list_text\">Shopify Hastighedsoptimering<\/div>\n            <\/li>\n            <li>\n                <div class=\"main_blockwedo_list_img\">\n                    <a href=\"\/dk\/shopify-sikkerhed\/\">\n                        <img decoding=\"async\" class=\"branwdo\" src=\"https:\/\/magecloud.agency\/dk\/wp-content\/uploads\/sites\/3\/2021\/12\/Shopify-Security-Review21.png\"\n                             alt=\"Shopify Sikkerhed\"\n                             title=\"Shopify Sikkerhed\"><\/a>\n                <\/div>\n                <div class=\"main_blockwedo_list_title\">\n                    <a href=\"\/dk\/shopify-sikkerhed\/\">\n                        <h5>Shopify Sikkerhed<\/h5><\/a>\n                <\/div>\n\n                <div class=\"main_blockwedo_list_text\">Shopify Sikkerhed<\/div>\n            <\/li>\n            <li>\n                <div class=\"main_blockwedo_list_img\">\n                    <a href=\"\/dk\/shopify-support-og-hjaelp\/\">\n                        <img decoding=\"async\" class=\"branwdo\" src=\"https:\/\/magecloud.agency\/dk\/wp-content\/uploads\/sites\/3\/2021\/12\/Outgoing-support-shopify.png\"\n                             alt=\"Shopify Vedligeholdelse\"\n                             title=\"Shopify Vedligeholdelse\"><\/a>\n                <\/div>\n                <div class=\"main_blockwedo_list_title\">\n                    <a href=\"\/dk\/shopify-support-og-hjaelp\/\">\n                        <h5>Shopify Vedligeholdelse<\/h5><\/a>\n                <\/div>\n\n                <div class=\"main_blockwedo_list_text\">Shopify Vedligeholdelse<\/div>\n            <\/li><\/ul><\/div>\n","protected":false},"excerpt":{"rendered":"Hvad betyder et godt konverteringsvenligt Shopify Design? &nbsp; Shopify er en af verdens mest benyttet e-handelsplatform til at drive e-handel. Og det er der en god grund til. Det skyldes, at denne e-handelsplatform er kendt for brugervenlighed og tilpasning. Selvom det er en l\u00e5st e-handelsplatform, er det stadig muligt at tilrette dit egen Shopify skabelon&hellip;","protected":false},"author":1,"featured_media":0,"parent":0,"menu_order":8,"comment_status":"closed","ping_status":"closed","template":"","meta":{"_acf_changed":false,"inline_featured_image":false,"footnotes":""},"class_list":["post-3066","page","type-page","status-publish","hentry"],"acf":[],"yoast_head":"<!-- This site is optimized with the Yoast SEO plugin v25.3 - https:\/\/yoast.com\/wordpress\/plugins\/seo\/ -->\n<title>Eksperter i tilpasning af Shopify skabeloner og Shopify Themes<\/title>\n<meta name=\"description\" content=\"G\u00f8r dit Shopify Design unikt og skil dig ud fra m\u00e6ngden \u2713 Vi er eksperter i tilpasning af Shopify Skabeloner og Shopify Themes\" \/>\n<meta name=\"robots\" content=\"index, follow, max-snippet:-1, max-image-preview:large, max-video-preview:-1\" \/>\n<link rel=\"canonical\" href=\"https:\/\/magecloud.agency\/dk\/shopify-themes-design-tilpasning\/\" \/>\n<meta property=\"og:locale\" content=\"en_US\" \/>\n<meta property=\"og:type\" content=\"article\" \/>\n<meta property=\"og:title\" content=\"Eksperter i tilpasning af Shopify skabeloner og Shopify Themes\" \/>\n<meta property=\"og:description\" content=\"G\u00f8r dit Shopify Design unikt og skil dig ud fra m\u00e6ngden \u2713 Vi er eksperter i tilpasning af Shopify Skabeloner og Shopify Themes\" \/>\n<meta property=\"og:url\" content=\"https:\/\/magecloud.agency\/dk\/shopify-themes-design-tilpasning\/\" \/>\n<meta property=\"og:site_name\" content=\"MageCloud DK\" \/>\n<meta property=\"article:modified_time\" content=\"2022-02-14T08:49:54+00:00\" \/>\n<meta property=\"og:image\" content=\"https:\/\/magecloud.agency\/wp-content\/uploads\/2020\/10\/Design-2-1-281x300.png\" \/>\n<meta name=\"twitter:card\" content=\"summary_large_image\" \/>\n<meta name=\"twitter:label1\" content=\"Est. reading time\" \/>\n\t<meta name=\"twitter:data1\" content=\"3 minutes\" \/>\n<script type=\"application\/ld+json\" class=\"yoast-schema-graph\">{\"@context\":\"https:\/\/schema.org\",\"@graph\":[{\"@type\":\"WebPage\",\"@id\":\"https:\/\/magecloud.agency\/dk\/shopify-themes-design-tilpasning\/\",\"url\":\"https:\/\/magecloud.agency\/dk\/shopify-themes-design-tilpasning\/\",\"name\":\"Eksperter i tilpasning af Shopify skabeloner og Shopify Themes\",\"isPartOf\":{\"@id\":\"https:\/\/magecloud.agency\/dk\/#website\"},\"primaryImageOfPage\":{\"@id\":\"https:\/\/magecloud.agency\/dk\/shopify-themes-design-tilpasning\/#primaryimage\"},\"image\":{\"@id\":\"https:\/\/magecloud.agency\/dk\/shopify-themes-design-tilpasning\/#primaryimage\"},\"thumbnailUrl\":\"https:\/\/magecloud.agency\/wp-content\/uploads\/2020\/10\/Design-2-1-281x300.png\",\"datePublished\":\"2020-12-07T12:01:56+00:00\",\"dateModified\":\"2022-02-14T08:49:54+00:00\",\"description\":\"G\u00f8r dit Shopify Design unikt og skil dig ud fra m\u00e6ngden \u2713 Vi er eksperter i tilpasning af Shopify Skabeloner og Shopify Themes\",\"inLanguage\":\"en-US\",\"potentialAction\":[{\"@type\":\"ReadAction\",\"target\":[\"https:\/\/magecloud.agency\/dk\/shopify-themes-design-tilpasning\/\"]}]},{\"@type\":\"ImageObject\",\"inLanguage\":\"en-US\",\"@id\":\"https:\/\/magecloud.agency\/dk\/shopify-themes-design-tilpasning\/#primaryimage\",\"url\":\"https:\/\/magecloud.agency\/wp-content\/uploads\/2020\/10\/Design-2-1-281x300.png\",\"contentUrl\":\"https:\/\/magecloud.agency\/wp-content\/uploads\/2020\/10\/Design-2-1-281x300.png\"},{\"@type\":\"WebSite\",\"@id\":\"https:\/\/magecloud.agency\/dk\/#website\",\"url\":\"https:\/\/magecloud.agency\/dk\/\",\"name\":\"MageCloud DK\",\"description\":\"Just another MageCloud Sites site\",\"potentialAction\":[{\"@type\":\"SearchAction\",\"target\":{\"@type\":\"EntryPoint\",\"urlTemplate\":\"https:\/\/magecloud.agency\/dk\/?s={search_term_string}\"},\"query-input\":{\"@type\":\"PropertyValueSpecification\",\"valueRequired\":true,\"valueName\":\"search_term_string\"}}],\"inLanguage\":\"en-US\"}]}<\/script>\n<!-- \/ Yoast SEO plugin. -->","yoast_head_json":{"title":"Eksperter i tilpasning af Shopify skabeloner og Shopify Themes","description":"G\u00f8r dit Shopify Design unikt og skil dig ud fra m\u00e6ngden \u2713 Vi er eksperter i tilpasning af Shopify Skabeloner og Shopify Themes","robots":{"index":"index","follow":"follow","max-snippet":"max-snippet:-1","max-image-preview":"max-image-preview:large","max-video-preview":"max-video-preview:-1"},"canonical":"https:\/\/magecloud.agency\/dk\/shopify-themes-design-tilpasning\/","og_locale":"en_US","og_type":"article","og_title":"Eksperter i tilpasning af Shopify skabeloner og Shopify Themes","og_description":"G\u00f8r dit Shopify Design unikt og skil dig ud fra m\u00e6ngden \u2713 Vi er eksperter i tilpasning af Shopify Skabeloner og Shopify Themes","og_url":"https:\/\/magecloud.agency\/dk\/shopify-themes-design-tilpasning\/","og_site_name":"MageCloud DK","article_modified_time":"2022-02-14T08:49:54+00:00","og_image":[{"url":"https:\/\/magecloud.agency\/wp-content\/uploads\/2020\/10\/Design-2-1-281x300.png","type":"","width":"","height":""}],"twitter_card":"summary_large_image","twitter_misc":{"Est. reading time":"3 minutes"},"schema":{"@context":"https:\/\/schema.org","@graph":[{"@type":"WebPage","@id":"https:\/\/magecloud.agency\/dk\/shopify-themes-design-tilpasning\/","url":"https:\/\/magecloud.agency\/dk\/shopify-themes-design-tilpasning\/","name":"Eksperter i tilpasning af Shopify skabeloner og Shopify Themes","isPartOf":{"@id":"https:\/\/magecloud.agency\/dk\/#website"},"primaryImageOfPage":{"@id":"https:\/\/magecloud.agency\/dk\/shopify-themes-design-tilpasning\/#primaryimage"},"image":{"@id":"https:\/\/magecloud.agency\/dk\/shopify-themes-design-tilpasning\/#primaryimage"},"thumbnailUrl":"https:\/\/magecloud.agency\/wp-content\/uploads\/2020\/10\/Design-2-1-281x300.png","datePublished":"2020-12-07T12:01:56+00:00","dateModified":"2022-02-14T08:49:54+00:00","description":"G\u00f8r dit Shopify Design unikt og skil dig ud fra m\u00e6ngden \u2713 Vi er eksperter i tilpasning af Shopify Skabeloner og Shopify Themes","inLanguage":"en-US","potentialAction":[{"@type":"ReadAction","target":["https:\/\/magecloud.agency\/dk\/shopify-themes-design-tilpasning\/"]}]},{"@type":"ImageObject","inLanguage":"en-US","@id":"https:\/\/magecloud.agency\/dk\/shopify-themes-design-tilpasning\/#primaryimage","url":"https:\/\/magecloud.agency\/wp-content\/uploads\/2020\/10\/Design-2-1-281x300.png","contentUrl":"https:\/\/magecloud.agency\/wp-content\/uploads\/2020\/10\/Design-2-1-281x300.png"},{"@type":"WebSite","@id":"https:\/\/magecloud.agency\/dk\/#website","url":"https:\/\/magecloud.agency\/dk\/","name":"MageCloud DK","description":"Just another MageCloud Sites site","potentialAction":[{"@type":"SearchAction","target":{"@type":"EntryPoint","urlTemplate":"https:\/\/magecloud.agency\/dk\/?s={search_term_string}"},"query-input":{"@type":"PropertyValueSpecification","valueRequired":true,"valueName":"search_term_string"}}],"inLanguage":"en-US"}]}},"_links":{"self":[{"href":"https:\/\/magecloud.agency\/dk\/wp-json\/wp\/v2\/pages\/3066","targetHints":{"allow":["GET"]}}],"collection":[{"href":"https:\/\/magecloud.agency\/dk\/wp-json\/wp\/v2\/pages"}],"about":[{"href":"https:\/\/magecloud.agency\/dk\/wp-json\/wp\/v2\/types\/page"}],"author":[{"embeddable":true,"href":"https:\/\/magecloud.agency\/dk\/wp-json\/wp\/v2\/users\/1"}],"replies":[{"embeddable":true,"href":"https:\/\/magecloud.agency\/dk\/wp-json\/wp\/v2\/comments?post=3066"}],"version-history":[{"count":29,"href":"https:\/\/magecloud.agency\/dk\/wp-json\/wp\/v2\/pages\/3066\/revisions"}],"predecessor-version":[{"id":3223,"href":"https:\/\/magecloud.agency\/dk\/wp-json\/wp\/v2\/pages\/3066\/revisions\/3223"}],"wp:attachment":[{"href":"https:\/\/magecloud.agency\/dk\/wp-json\/wp\/v2\/media?parent=3066"}],"curies":[{"name":"wp","href":"https:\/\/api.w.org\/{rel}","templated":true}]}}