{"id":303,"date":"2019-08-16T11:59:59","date_gmt":"2019-08-16T08:59:59","guid":{"rendered":"http:\/\/wordpressportfolio.dev7.magecloud.net\/?page_id=303"},"modified":"2022-02-23T10:15:35","modified_gmt":"2022-02-23T10:15:35","slug":"magento-design","status":"publish","type":"page","link":"https:\/\/magecloud.agency\/dk\/magento-design\/","title":{"rendered":"Magento Design"},"content":{"rendered":"<h3 style=\"margin-top: 12px; text-align: left;\"><span style=\"color: #333333;\">Hvad betyder et godt konverteringsvenligt design for en Magento 2 webshop?<\/span><\/h3>\n<p>&nbsp;<\/p>\n<p style=\"text-align: left;\">Der findes over 250.000 Magento-butikker p\u00e5 nettet verden over, og det er der en god grund til. Det skyldes, at denne e-handelsplatform er kendt for brugervenlighed og tilpasning.<\/p>\n<p>&nbsp;<\/p>\n<p style=\"text-align: left;\">Men bare fordi din webshop k\u00f8rer p\u00e5 Magento 2, betyder det ikke, at salget str\u00f8mmer ind. Designet i din Magento webshop og om webshoppen har en nemt intuitivt checkout side, betyder noget for din konverteringsrate.<\/p>\n<p>&nbsp;<\/p>\n<p style=\"text-align: left;\">Heldigvis giver Magento mulighed for, at brugergr\u00e6nsefladen kan designes, s\u00e5 den har et konverteringsvenligt design og dermed sikre dig en god konverteringsrate.<\/p>\n<p>&nbsp;<\/p>\n<p style=\"text-align: left;\">Det er n\u00f8dvendigt at have et responsivt design, da handel via desktop er overhalet af handel via mobile enheder. Derfor skal du sikre, at din webshop ser tiltalende ud p\u00e5 alle enhederne. Et responsivt webdesign kan gavne dig p\u00e5 mange m\u00e5der &#8211; det kan \u00f8ge konverteringer og forbedre din placering i s\u00f8gemaskinerne.<\/p>\n<p>&nbsp;<\/p>\n<div class=\"row\">\n<table style=\"border-collapse: collapse; width: 100%; margin-top: 60px; height: 511px;\">\n<tbody>\n<tr style=\"height: 347px;\">\n<td style=\"width: 30%; vertical-align: top; text-align: left; height: 347px;\"><span style=\"color: #333333; margin-top: 20px;\"><img fetchpriority=\"high\" decoding=\"async\" class=\"alignnone wp-image-3783 size-medium\" src=\"https:\/\/magecloud.agency\/wp-content\/uploads\/2020\/10\/Design-2-1-281x300.png\" alt=\"\" width=\"281\" height=\"300\" \/><\/span><\/td>\n<td style=\"vertical-align: top; width: 69.9332%; height: 347px;\">\n<h2 class=\"top-title\" style=\"text-align: left;\">Magento design, der er konverteringsvenligt<\/h2>\n<p>&nbsp;<\/p>\n<p style=\"text-align: left;\"><strong>Hurtige og responsive sider<\/strong><\/p>\n<p style=\"text-align: left;\">Da online handel via mobile enheder har overhalet, handel via desktop, er det et &#8220;must\u201d, at webshop er responsiv. Den skal v\u00e6re optimeret til smartphones og tablets. Et responsivt webdesign skalerer automatisk indholdet og elementerne og sikrer, at brugerne ser alt, hvad de har brug for at se \u2013 ingen manglende elementer eller besk\u00e5rne billeder.<\/p>\n<p>&nbsp;<\/p>\n<p style=\"text-align: left;\"><strong>Konverteringsoptimering af Magento Design<\/strong><\/p>\n<p style=\"text-align: left;\">Vi s\u00f8rger ogs\u00e5 for at optimere din Magento til konverteringer, s\u00e5 du f\u00e5r mest ud af din trafik og opn\u00e5r det salg, du \u00f8nsker.<\/p>\n<p>&nbsp;<\/p>\n<p style=\"text-align: left;\"><strong>Hastighedsoptimering af Magento 2 design<\/strong><\/p>\n<p style=\"text-align: left;\">N\u00e5r vi designer webshops, har vi fokus p\u00e5 hastigheden. Shoppen skal nemlig have hurtige indl\u00e6sningstider, s\u00e5 dine kunder hurtig kan finde dine produkter eller services. Derfor s\u00f8rger vi for hele vejen igennem at designe konverteringsoptimeret webshops. Vi tester l\u00f8bende i udviklingsprocessen, indl\u00e6sningshastighed m.m., s\u00e5 vi kan sikre, at din Magento webshop fungerer som den skal.<\/p>\n<p>&nbsp;<\/p>\n<p style=\"text-align: left;\"><strong>Brugervenlighedstest<\/strong><\/p>\n<p style=\"text-align: left;\">Hvilke design konverterer bedst? Hvordan f\u00e5r du flest konverteringer? Det er vigtigt at udf\u00f8re brugervenlighedstest via A\/B splittest, s\u00e5 du ved, du har det mest optimale webdesign, som ogs\u00e5 konverterer bedst. Har du allerede en Magento 2 webshop, og er i tvivl, om din brugervenlighed er i top? Vi tilbyder UX test med A\/B split-tests, for at se, hvor din webshop beh\u00f8ver konverteringsoptimering.<\/p>\n<p>&nbsp;<\/td>\n<\/tr>\n<\/tbody>\n<\/table>\n<\/div>\n<p>&nbsp;<\/p>\n<p>&nbsp;<\/p>\n<p style=\"text-align: center;\"><span style=\"font-weight: 400; color: #333333;\"><br \/>\n<strong>***<\/strong><\/span><\/p>\n<p>&nbsp;<\/p>\n<p>&nbsp;<\/p>\n<h4 style=\"text-align: left;\"><strong>Vi er et certificeret Magento udvikler og Top Rated som Magento Webbureau p\u00e5 Upwork.com<\/strong><\/h4>\n<p style=\"text-align: left;\">Kontakt vores danske salgskontor p\u00e5 +4530309624 og h\u00f8r mere.<br \/>\nDu kan ogs\u00e5 kontakte os ved at <a href=\"https:\/\/magecloud.agency\/dk\/kontakt-magecloud\/\">udfylde vores kontaktformular<\/a>. Eller skriv en mail til\u00a0<a href=\"mailto:info@magecloud.net\">info@magecloud.net<\/a>.<\/p>\n<p>&nbsp;<\/p>\n<h4 style=\"text-align: left;\"><strong>Hvad kan vi som, Top-Rated Magento udvikler kan hj\u00e6lpe dig med?<\/strong><\/h4>\n<p>&nbsp;<\/p>\n<p>&nbsp;<\/p>\n<div class=\"container_full main_blockwedo\" style=\"padding: 0\"><ul class=\"main_blockwedo_list\">\n            <li>\n                <div class=\"main_blockwedo_list_img\">\n                    <a href=\"\/dk\/opgrader-til-magento-2\/\">\n                        <img decoding=\"async\" class=\"branwdo\" src=\"https:\/\/magecloud.agency\/dk\/wp-content\/uploads\/sites\/3\/2020\/12\/Migration-to-Magento-2.png\"\n                             alt=\"Migrering til Magento 2\"\n                             title=\"Migrering til Magento 2\"><\/a>\n                <\/div>\n                <div class=\"main_blockwedo_list_title\">\n                    <a href=\"\/dk\/opgrader-til-magento-2\/\">\n                        <h5>Migrering til Magento 2<\/h5><\/a>\n                <\/div>\n\n                <div class=\"main_blockwedo_list_text\">Migrering til Magento 2<\/div>\n            <\/li>\n            <li>\n                <div class=\"main_blockwedo_list_img\">\n                    <a href=\"\/dk\/magento-teknisk-seo-analyse\/\">\n                        <img decoding=\"async\" class=\"branwdo\" src=\"https:\/\/magecloud.agency\/dk\/wp-content\/uploads\/sites\/3\/2021\/12\/Site-Audit-magento.png\"\n                             alt=\"Magento Teknisk SEO Analyse\"\n                             title=\"Magento Teknisk SEO Analyse\"><\/a>\n                <\/div>\n                <div class=\"main_blockwedo_list_title\">\n                    <a href=\"\/dk\/magento-teknisk-seo-analyse\/\">\n                        <h5>Magento Teknisk SEO Analyse<\/h5><\/a>\n                <\/div>\n\n                <div class=\"main_blockwedo_list_text\">Magento Teknisk SEO Analyse<\/div>\n            <\/li>\n            <li>\n                <div class=\"main_blockwedo_list_img\">\n                    <a href=\"\/dk\/magento-design\/\">\n                        <img decoding=\"async\" class=\"branwdo\" src=\"https:\/\/magecloud.agency\/dk\/wp-content\/uploads\/sites\/3\/2020\/12\/Magento-Design.png\"\n                             alt=\"Magento Design\"\n                             title=\"Magento Design\"><\/a>\n                <\/div>\n                <div class=\"main_blockwedo_list_title\">\n                    <a href=\"\/dk\/magento-design\/\">\n                        <h5>Magento Design<\/h5><\/a>\n                <\/div>\n\n                <div class=\"main_blockwedo_list_text\">Magento Design<\/div>\n            <\/li>\n            <li>\n                <div class=\"main_blockwedo_list_img\">\n                    <a href=\"\/dk\/magento-udvikler\/\">\n                        <img decoding=\"async\" class=\"branwdo\" src=\"https:\/\/magecloud.agency\/dk\/wp-content\/uploads\/sites\/3\/2020\/12\/Magento-Development.png\"\n                             alt=\"Magento Udvikling\"\n                             title=\"Magento Udvikling\"><\/a>\n                <\/div>\n                <div class=\"main_blockwedo_list_title\">\n                    <a href=\"\/dk\/magento-udvikler\/\">\n                        <h5>Magento Udvikling<\/h5><\/a>\n                <\/div>\n\n                <div class=\"main_blockwedo_list_text\">Magento Udvikling<\/div>\n            <\/li>\n            <li>\n                <div class=\"main_blockwedo_list_img\">\n                    <a href=\"\/dk\/magento-seo-optimering\/\">\n                        <img decoding=\"async\" class=\"branwdo\" src=\"https:\/\/magecloud.agency\/dk\/wp-content\/uploads\/sites\/3\/2020\/12\/Magento-SEOSEM.png\"\n                             alt=\"Magento SEO\"\n                             title=\"Magento SEO\"><\/a>\n                <\/div>\n                <div class=\"main_blockwedo_list_title\">\n                    <a href=\"\/dk\/magento-seo-optimering\/\">\n                        <h5>Magento SEO<\/h5><\/a>\n                <\/div>\n\n                <div class=\"main_blockwedo_list_text\">Magento SEO<\/div>\n            <\/li>\n            <li>\n                <div class=\"main_blockwedo_list_img\">\n                    <a href=\"\/dk\/magento-hastighedsoptimering\/\">\n                        <img decoding=\"async\" class=\"branwdo\" src=\"https:\/\/magecloud.agency\/dk\/wp-content\/uploads\/sites\/3\/2020\/12\/Magento-Speed-Optimization.png\"\n                             alt=\"Magento Hastighedsoptimering\"\n                             title=\"Magento Hastighedsoptimering\"><\/a>\n                <\/div>\n                <div class=\"main_blockwedo_list_title\">\n                    <a href=\"\/dk\/magento-hastighedsoptimering\/\">\n                        <h5>Magento Hastighedsoptimering<\/h5><\/a>\n                <\/div>\n\n                <div class=\"main_blockwedo_list_text\">Magento Hastighedsoptimering<\/div>\n            <\/li>\n            <li>\n                <div class=\"main_blockwedo_list_img\">\n                    <a href=\"\/dk\/magento-sikkerhed\/\">\n                        <img decoding=\"async\" class=\"branwdo\" src=\"https:\/\/magecloud.agency\/dk\/wp-content\/uploads\/sites\/3\/2020\/12\/Magento-Security-Review.png\"\n                             alt=\"Magento Sikkerhed\"\n                             title=\"Magento Sikkerhed\"><\/a>\n                <\/div>\n                <div class=\"main_blockwedo_list_title\">\n                    <a href=\"\/dk\/magento-sikkerhed\/\">\n                        <h5>Magento Sikkerhed<\/h5><\/a>\n                <\/div>\n\n                <div class=\"main_blockwedo_list_text\">Magento Sikkerhed<\/div>\n            <\/li>\n            <li>\n                <div class=\"main_blockwedo_list_img\">\n                    <a href=\"\/dk\/magento-support-og-vedligeholdelse\/\">\n                        <img decoding=\"async\" class=\"branwdo\" src=\"https:\/\/magecloud.agency\/dk\/wp-content\/uploads\/sites\/3\/2021\/12\/Outgoing-support-magento.png\"\n                             alt=\"Magento Vedligeholdelse\"\n                             title=\"Magento Vedligeholdelse\"><\/a>\n                <\/div>\n                <div class=\"main_blockwedo_list_title\">\n                    <a href=\"\/dk\/magento-support-og-vedligeholdelse\/\">\n                        <h5>Magento Vedligeholdelse<\/h5><\/a>\n                <\/div>\n\n                <div class=\"main_blockwedo_list_text\">Magento Vedligeholdelse<\/div>\n            <\/li><\/ul><\/div>\n","protected":false},"excerpt":{"rendered":"Hvad betyder et godt konverteringsvenligt design for en Magento 2 webshop? &nbsp; Der findes over 250.000 Magento-butikker p\u00e5 nettet verden over, og det er der en god grund til. Det skyldes, at denne e-handelsplatform er kendt for brugervenlighed og tilpasning. &nbsp; Men bare fordi din webshop k\u00f8rer p\u00e5 Magento 2, betyder det ikke, at salget&hellip;","protected":false},"author":1,"featured_media":0,"parent":0,"menu_order":11,"comment_status":"closed","ping_status":"closed","template":"","meta":{"_acf_changed":false,"inline_featured_image":false,"footnotes":""},"class_list":["post-303","page","type-page","status-publish","hentry"],"acf":[],"yoast_head":"<!-- This site is optimized with the Yoast SEO plugin v25.3 - https:\/\/yoast.com\/wordpress\/plugins\/seo\/ -->\n<title>Magento 2 design, der er konverteringsvenligt ? Skaber Salg<\/title>\n<meta name=\"description\" content=\"F\u00e5 et konverteringsvenligt Magento 2 design og \u00f8g konverteringerne \u2713 Sikrer du f\u00e5r en god score i Google Core Web Vitals\" \/>\n<meta name=\"robots\" content=\"index, follow, max-snippet:-1, max-image-preview:large, max-video-preview:-1\" \/>\n<link rel=\"canonical\" href=\"https:\/\/magecloud.agency\/dk\/magento-design\/\" \/>\n<meta property=\"og:locale\" content=\"en_US\" \/>\n<meta property=\"og:type\" content=\"article\" \/>\n<meta property=\"og:title\" content=\"Magento 2 design, der er konverteringsvenligt ? Skaber Salg\" \/>\n<meta property=\"og:description\" content=\"F\u00e5 et konverteringsvenligt Magento 2 design og \u00f8g konverteringerne \u2713 Sikrer du f\u00e5r en god score i Google Core Web Vitals\" \/>\n<meta property=\"og:url\" content=\"https:\/\/magecloud.agency\/dk\/magento-design\/\" \/>\n<meta property=\"og:site_name\" content=\"MageCloud DK\" \/>\n<meta property=\"article:modified_time\" content=\"2022-02-23T10:15:35+00:00\" \/>\n<meta property=\"og:image\" content=\"https:\/\/magecloud.agency\/wp-content\/uploads\/2020\/10\/Design-2-1-281x300.png\" \/>\n<meta name=\"twitter:card\" content=\"summary_large_image\" \/>\n<meta name=\"twitter:label1\" content=\"Est. reading time\" \/>\n\t<meta name=\"twitter:data1\" content=\"2 minutes\" \/>\n<script type=\"application\/ld+json\" class=\"yoast-schema-graph\">{\"@context\":\"https:\/\/schema.org\",\"@graph\":[{\"@type\":\"WebPage\",\"@id\":\"https:\/\/magecloud.agency\/dk\/magento-design\/\",\"url\":\"https:\/\/magecloud.agency\/dk\/magento-design\/\",\"name\":\"Magento 2 design, der er konverteringsvenligt ? Skaber Salg\",\"isPartOf\":{\"@id\":\"https:\/\/magecloud.agency\/dk\/#website\"},\"primaryImageOfPage\":{\"@id\":\"https:\/\/magecloud.agency\/dk\/magento-design\/#primaryimage\"},\"image\":{\"@id\":\"https:\/\/magecloud.agency\/dk\/magento-design\/#primaryimage\"},\"thumbnailUrl\":\"https:\/\/magecloud.agency\/wp-content\/uploads\/2020\/10\/Design-2-1-281x300.png\",\"datePublished\":\"2019-08-16T08:59:59+00:00\",\"dateModified\":\"2022-02-23T10:15:35+00:00\",\"description\":\"F\u00e5 et konverteringsvenligt Magento 2 design og \u00f8g konverteringerne \u2713 Sikrer du f\u00e5r en god score i Google Core Web Vitals\",\"inLanguage\":\"en-US\",\"potentialAction\":[{\"@type\":\"ReadAction\",\"target\":[\"https:\/\/magecloud.agency\/dk\/magento-design\/\"]}]},{\"@type\":\"ImageObject\",\"inLanguage\":\"en-US\",\"@id\":\"https:\/\/magecloud.agency\/dk\/magento-design\/#primaryimage\",\"url\":\"https:\/\/magecloud.agency\/wp-content\/uploads\/2020\/10\/Design-2-1-281x300.png\",\"contentUrl\":\"https:\/\/magecloud.agency\/wp-content\/uploads\/2020\/10\/Design-2-1-281x300.png\"},{\"@type\":\"WebSite\",\"@id\":\"https:\/\/magecloud.agency\/dk\/#website\",\"url\":\"https:\/\/magecloud.agency\/dk\/\",\"name\":\"MageCloud DK\",\"description\":\"Just another MageCloud Sites site\",\"potentialAction\":[{\"@type\":\"SearchAction\",\"target\":{\"@type\":\"EntryPoint\",\"urlTemplate\":\"https:\/\/magecloud.agency\/dk\/?s={search_term_string}\"},\"query-input\":{\"@type\":\"PropertyValueSpecification\",\"valueRequired\":true,\"valueName\":\"search_term_string\"}}],\"inLanguage\":\"en-US\"}]}<\/script>\n<!-- \/ Yoast SEO plugin. -->","yoast_head_json":{"title":"Magento 2 design, der er konverteringsvenligt ? Skaber Salg","description":"F\u00e5 et konverteringsvenligt Magento 2 design og \u00f8g konverteringerne \u2713 Sikrer du f\u00e5r en god score i Google Core Web Vitals","robots":{"index":"index","follow":"follow","max-snippet":"max-snippet:-1","max-image-preview":"max-image-preview:large","max-video-preview":"max-video-preview:-1"},"canonical":"https:\/\/magecloud.agency\/dk\/magento-design\/","og_locale":"en_US","og_type":"article","og_title":"Magento 2 design, der er konverteringsvenligt ? Skaber Salg","og_description":"F\u00e5 et konverteringsvenligt Magento 2 design og \u00f8g konverteringerne \u2713 Sikrer du f\u00e5r en god score i Google Core Web Vitals","og_url":"https:\/\/magecloud.agency\/dk\/magento-design\/","og_site_name":"MageCloud DK","article_modified_time":"2022-02-23T10:15:35+00:00","og_image":[{"url":"https:\/\/magecloud.agency\/wp-content\/uploads\/2020\/10\/Design-2-1-281x300.png","type":"","width":"","height":""}],"twitter_card":"summary_large_image","twitter_misc":{"Est. reading time":"2 minutes"},"schema":{"@context":"https:\/\/schema.org","@graph":[{"@type":"WebPage","@id":"https:\/\/magecloud.agency\/dk\/magento-design\/","url":"https:\/\/magecloud.agency\/dk\/magento-design\/","name":"Magento 2 design, der er konverteringsvenligt ? Skaber Salg","isPartOf":{"@id":"https:\/\/magecloud.agency\/dk\/#website"},"primaryImageOfPage":{"@id":"https:\/\/magecloud.agency\/dk\/magento-design\/#primaryimage"},"image":{"@id":"https:\/\/magecloud.agency\/dk\/magento-design\/#primaryimage"},"thumbnailUrl":"https:\/\/magecloud.agency\/wp-content\/uploads\/2020\/10\/Design-2-1-281x300.png","datePublished":"2019-08-16T08:59:59+00:00","dateModified":"2022-02-23T10:15:35+00:00","description":"F\u00e5 et konverteringsvenligt Magento 2 design og \u00f8g konverteringerne \u2713 Sikrer du f\u00e5r en god score i Google Core Web Vitals","inLanguage":"en-US","potentialAction":[{"@type":"ReadAction","target":["https:\/\/magecloud.agency\/dk\/magento-design\/"]}]},{"@type":"ImageObject","inLanguage":"en-US","@id":"https:\/\/magecloud.agency\/dk\/magento-design\/#primaryimage","url":"https:\/\/magecloud.agency\/wp-content\/uploads\/2020\/10\/Design-2-1-281x300.png","contentUrl":"https:\/\/magecloud.agency\/wp-content\/uploads\/2020\/10\/Design-2-1-281x300.png"},{"@type":"WebSite","@id":"https:\/\/magecloud.agency\/dk\/#website","url":"https:\/\/magecloud.agency\/dk\/","name":"MageCloud DK","description":"Just another MageCloud Sites site","potentialAction":[{"@type":"SearchAction","target":{"@type":"EntryPoint","urlTemplate":"https:\/\/magecloud.agency\/dk\/?s={search_term_string}"},"query-input":{"@type":"PropertyValueSpecification","valueRequired":true,"valueName":"search_term_string"}}],"inLanguage":"en-US"}]}},"_links":{"self":[{"href":"https:\/\/magecloud.agency\/dk\/wp-json\/wp\/v2\/pages\/303","targetHints":{"allow":["GET"]}}],"collection":[{"href":"https:\/\/magecloud.agency\/dk\/wp-json\/wp\/v2\/pages"}],"about":[{"href":"https:\/\/magecloud.agency\/dk\/wp-json\/wp\/v2\/types\/page"}],"author":[{"embeddable":true,"href":"https:\/\/magecloud.agency\/dk\/wp-json\/wp\/v2\/users\/1"}],"replies":[{"embeddable":true,"href":"https:\/\/magecloud.agency\/dk\/wp-json\/wp\/v2\/comments?post=303"}],"version-history":[{"count":31,"href":"https:\/\/magecloud.agency\/dk\/wp-json\/wp\/v2\/pages\/303\/revisions"}],"predecessor-version":[{"id":6545,"href":"https:\/\/magecloud.agency\/dk\/wp-json\/wp\/v2\/pages\/303\/revisions\/6545"}],"wp:attachment":[{"href":"https:\/\/magecloud.agency\/dk\/wp-json\/wp\/v2\/media?parent=303"}],"curies":[{"name":"wp","href":"https:\/\/api.w.org\/{rel}","templated":true}]}}