{"id":267,"date":"2019-08-16T11:19:04","date_gmt":"2019-08-16T11:19:04","guid":{"rendered":"http:\/\/wordpressportfolio.dev7.magecloud.net\/?page_id=267"},"modified":"2022-02-28T13:03:13","modified_gmt":"2022-02-28T13:03:13","slug":"opgrader-til-magento-2","status":"publish","type":"page","link":"https:\/\/magecloud.agency\/dk\/opgrader-til-magento-2\/","title":{"rendered":"Opgrader til Magento 2"},"content":{"rendered":"<div class=\"top-content\">\n<h2 style=\"text-align: left;\"><strong>Opgrader til Magento 2\u00a0<\/strong><\/h2>\n<p>&nbsp;<\/p>\n<p style=\"text-align: left;\"><span style=\"font-weight: 400; color: #333333;\">Migrering fra \u00e9n e-handelsplatform til en ny kan v\u00e6re en udfordrende proces for alle virksomhedsejere og eCommerce Managers. Mange sp\u00f8rger om<\/span>, er det virkelig n\u00f8dvendigt at foretage en migrering til Magento 2, n\u00e5r man har Magento 1? Ja, det er det &#8211; for Magento 1 supporteres ikke l\u00e6ngere med sikkerhedsopdateringer fra Adobe. L\u00e6s vores guide om &#8220;<a href=\"https:\/\/magecloud.agency\/dk\/migrerings-guide-magento-1-til-magento-2\/\">Flyt fra Magento 1 til Magento 2<\/a>&#8220;, det giver dig er klar billede af hvorfor det er n\u00f8dvendigt. Med guiden f\u00e5r du tips og gode r\u00e5d til hvordan du opgrader til Magento 2 \u2013 sikkert og problemfrit.<\/p>\n<\/div>\n<p>&nbsp;<\/p>\n<div class=\"row\" style=\"text-align: left;\">\n<table style=\"border-collapse: collapse; width: 100%; height: 150px;\">\n<tbody>\n<tr style=\"height: 24px;\">\n<td style=\"width: 30.0724%; vertical-align: top; height: 24px;\"><\/td>\n<td style=\"width: 69.9276%; vertical-align: top; height: 24px;\">\n<h2 class=\"top-title\" style=\"text-align: left; margin-top: 40px;\"><span style=\"color: #333333;\"><b>Hvad du b\u00f8r overveje ved opgradering til Magento 2<\/b><\/span><\/h2>\n<p>&nbsp;<\/td>\n<\/tr>\n<tr style=\"height: 24px;\">\n<td style=\"width: 30.0724%; vertical-align: top; height: 24px;\"><span style=\"color: #333333;\"><img decoding=\"async\" class=\"aligncenter wp-image-3804 size-full\" src=\"https:\/\/magecloud.agency\/wp-content\/uploads\/2020\/10\/Audit-of-extensions-M-3.png\" alt=\"\" width=\"163\" height=\"140\" \/><\/span><\/td>\n<td style=\"width: 69.9276%; vertical-align: top; height: 24px;\">\n<h4 style=\"text-align: left;\"><strong>Analyse af udvidelser og moduler<\/strong><\/h4>\n<p>Den f\u00f8rste opgave, som du skal starte med, n\u00e5r du har besluttet dig for at migrere, til M2 er at analysere den eksisterende webshop og dern\u00e6st udarbejde en liste over de extensions\/moduler, som er installeret. I mange tilf\u00e6lde vil omkring 60% af webshoppens extensions\/moduler ikke l\u00e6ngere v\u00e6re n\u00f8dvendige \u2013 du kan dermed se bort fra disse under resten af migreringsprocessen. Det er meget vigtigt at definere alle 3. parts systemer, der er forbundet til shoppen (enten ved at bruge admin eller API).<\/p>\n<p>&nbsp;<\/p>\n<p>St\u00f8rstedelen af de fleste virksomheder, der udvikler extensions\/moduler, har allerede designet nye M2 extensions. Vi anbefaler meget kraftig, at hvis det p\u00e5 nogen m\u00e5de er muligt, at du kun benytter \u00e9n forhandler til at f\u00e5 alle extensions\/moduler konfigureret. S\u00e5 undg\u00e5r du, der opst\u00e5r konflikter mellem extensions\/moduler.<\/p>\n<p>&nbsp;<\/p>\n<p>Har du fundet de nye extensions\/moduler du kunne t\u00e6nke dig? S\u00e5 har vi rabatkoder fra kendte udvikler af M2 extensions\/moduler, du kan benytte.<\/p>\n<p>&nbsp;<\/p>\n<p>&nbsp;<\/td>\n<\/tr>\n<tr style=\"height: 24px;\">\n<td style=\"width: 30.0724%; vertical-align: top; height: 24px;\"><span style=\"color: #333333;\"><img decoding=\"async\" class=\"aligncenter wp-image-3832 size-full\" src=\"https:\/\/magecloud.agency\/wp-content\/uploads\/2020\/10\/SEO-audit-1.png\" alt=\"\" width=\"200\" height=\"160\" \/><\/span><\/td>\n<td style=\"width: 69.9276%; vertical-align: top; height: 24px;\">\n<h4 style=\"text-align: left;\"><strong>SEO analyse af dit nuv\u00e6rende webside<\/strong><\/h4>\n<p><span style=\"color: #333333;\">N\u00e5r du skifter til ny e-handelsplatform eller \u00f8nsker at opgradere til Magento 2, er det vigtigt at beholde dine organiske ranking eller at forberede en endnu bedre placering af det nye website. Vi anbefaler, at du bruger noget tid p\u00e5 at identificere og l\u00f8se evt. problemstillinger p\u00e5 din Magento 1 website, f\u00f8r du begynder at t\u00e6nke p\u00e5 migrering.<\/span><\/p>\n<p>&nbsp;<\/p>\n<p style=\"margin-top: 9.0pt;\"><span style=\"color: #333333;\">Vi ser, at der typisk er problemer med indekseringen af den eksisterende website. Det er<\/span><br \/>\n<span style=\"color: #333333;\">tekniske \u00e5rsager, der kan give problemer med indeksering i fremtiden mht. placering i de forskellige s\u00f8gemaskiner. Vores anbefaling er; s\u00f8rg for at l\u00f8se dette, f\u00f8r migrering.<\/span><\/p>\n<p>&nbsp;<\/p>\n<p style=\"margin-top: 9.0pt;\"><span style=\"color: #333333;\">Vi anbefaler altid, at man beholder meta titler og meta beskrivelser, s\u00e5 de er magen til hinanden p\u00e5 det nye Magento 2 website, som det var p\u00e5 det gamle Magento website. Dette g\u00e6lder ogs\u00e5 for kategorier og produkt URL\u2019s.<\/span><\/p>\n<p>&nbsp;<\/p>\n<p>&nbsp;<\/p>\n<p>&nbsp;<\/td>\n<\/tr>\n<tr style=\"height: 24px;\">\n<td style=\"width: 30.0724%; vertical-align: top; height: 24px;\"><span style=\"color: #333333;\"><img decoding=\"async\" class=\"aligncenter wp-image-3790 size-full\" src=\"https:\/\/magecloud.agency\/wp-content\/uploads\/2020\/10\/Server-Security-Upgrades-S-1.png\" alt=\"\" width=\"105\" height=\"101\" \/><\/span><\/td>\n<td style=\"width: 69.9276%; vertical-align: top; height: 24px;\">\n<h4 style=\"text-align: left;\"><strong><span style=\"color: #333333;\">Datamigrering<\/span><\/strong><\/h4>\n<p style=\"text-align: left;\"><span style=\"color: #333333;\">Vi samarbejder med Cart2Cart Migration Service,\u00a0 s\u00e5 er du nemlig sikret den rette datah\u00e5ndtering af al din webshop data til Magento 2. Vi kan tilbyde dig en rabatkode p\u00e5 20% til deres service.<\/span><\/p>\n<p>&nbsp;<\/p>\n<p>&nbsp;<\/p>\n<p>&nbsp;<\/p>\n<p>&nbsp;<\/td>\n<\/tr>\n<tr style=\"height: 24px;\">\n<td style=\"width: 30.0724%; vertical-align: top; height: 24px;\"><img loading=\"lazy\" decoding=\"async\" class=\"aligncenter wp-image-3808 size-full\" src=\"https:\/\/magecloud.agency\/wp-content\/uploads\/2020\/10\/Technical-SEO.png\" alt=\"\" width=\"142\" height=\"122\" \/><\/td>\n<td style=\"width: 69.9276%; vertical-align: top; height: 24px;\">\n<h4 style=\"text-align: left;\"><strong>Magento teknisk SEO analyse<\/strong><\/h4>\n<p style=\"margin-top: 9.0pt;\"><span style=\"color: #333333;\">Vi identificerer alle n\u00f8dvendige opgaver, der skal laves f\u00f8r migrering. P\u00e5 den m\u00e5de sikrer vi, at et Magento 2, website opbygges korrekt med SEO i tankerne. Vi oplever desv\u00e6rre, at mange f\u00e5r designet deres Magento 2 website uden at t\u00e6nke p\u00e5 teknisk SEO, og det kan skabe mange problemer i fremtiden. Manglen p\u00e5 at t\u00e6nke teknisk SEO ind i udviklingen af dit website kan tage lang tid at f\u00e5 rette op p\u00e5. Derfor er det vigtigt at have fokus p\u00e5 teknisk SEO allerede fra starten i udviklingen.<\/span><\/p>\n<p>&nbsp;<\/p>\n<p style=\"margin-top: 9.0pt;\"><span style=\"color: #333333;\">Vores fokusomr\u00e5der er: Organiser korrekte redirects, organiserer korrekte <\/span><span style=\"font-family: 'Courier New'; color: #333333;\">noindex,follow<\/span><span style=\"color: #333333;\"> og <\/span><span style=\"font-family: 'Courier New'; color: #333333;\">noindex,nofollow <\/span><span style=\"color: #333333;\">tags. Implementer korrekt re=\u201d\u2018nofollow\u201d tags. Organiser korrekte canonical tags, produkt snippet; beskytter katalogs\u00f8gninger og kundesider. Organiser korrekte sitemaps og en masse andre sm\u00e5 justeringer, som er ekstremt vigtige, at de bliver udf\u00f8rt korrekt f\u00f8r, man, lancerer et nyt website.<\/span><\/p>\n<p>&nbsp;<\/p>\n<p>&nbsp;<\/td>\n<\/tr>\n<tr style=\"height: 24px;\">\n<td style=\"width: 30.0724%; vertical-align: top; height: 24px;\"><img loading=\"lazy\" decoding=\"async\" class=\"aligncenter wp-image-3841 size-full\" src=\"https:\/\/magecloud.agency\/wp-content\/uploads\/2020\/10\/Magento-2-go-live-1-2.png\" alt=\"\" width=\"200\" height=\"160\" \/><\/td>\n<td style=\"width: 69.9276%; vertical-align: top; height: 24px;\">\n<h4 style=\"text-align: left;\"><strong><span style=\"color: #333333;\">N\u00e5r opdateringen til Magento 2 er udf\u00f8rt &#8211; Din nye Magento webshop kan g\u00e5 online\u00a0<\/span><\/strong><\/h4>\n<p>N\u00e5r alt er parat til migrering, skifter vi websitet til den nye Magento 2 platform helst uden downtime. Det bedste scenarie, som ogs\u00e5 er det mest rentable, ville v\u00e6re at koordinere DNS med Cloudflare. Normalt anbefaler vi, at man p\u00e5 forh\u00e5nd f\u00e5r Cloudfare forbundet til den nuv\u00e6rende website. Det har nemlig vist sig, at de-aktiveringer af DNS herfra er meget hurtig, og chancen for at f\u00e5 problemer med den gemte DNS\u2010cache er derfor minimal.<\/p>\n<p>&nbsp;<\/p>\n<p>&nbsp;<\/td>\n<\/tr>\n<\/tbody>\n<\/table>\n<\/div>\n<p>&nbsp;<\/p>\n<p style=\"text-align: center;\"><span style=\"font-weight: 400; color: #333333;\"><br \/>\n<strong>***<\/strong><\/span><\/p>\n<p>&nbsp;<\/p>\n<p>&nbsp;<\/p>\n<h4 style=\"text-align: left;\"><strong>Vi er et certificeret Magento eksperter i opgradering til Magento 2<\/strong><\/h4>\n<p style=\"text-align: left;\">Kontakt vores danske salgskontor p\u00e5 +4530309624 og h\u00f8r mere.<br \/>\nDu kan ogs\u00e5 kontakte os ved at <a href=\"https:\/\/magecloud.agency\/dk\/kontakt-magecloud\/\">udfylde vores kontaktformular<\/a>. Eller skriv en mail til\u00a0<a href=\"mailto:info@magecloud.net\">info@magecloud.net<\/a>.<\/p>\n<p>&nbsp;<\/p>\n<h4 style=\"text-align: left;\"><strong>Hvad kan vi som, Top-Rated Magento Webbureau kan hj\u00e6lpe dig med?<\/strong><\/h4>\n<p>&nbsp;<\/p>\n<p>&nbsp;<\/p>\n<div class=\"container_full main_blockwedo\" style=\"padding: 0\"><ul class=\"main_blockwedo_list\">\n            <li>\n                <div class=\"main_blockwedo_list_img\">\n                    <a href=\"\/dk\/opgrader-til-magento-2\/\">\n                        <img decoding=\"async\" class=\"branwdo\" src=\"https:\/\/magecloud.agency\/dk\/wp-content\/uploads\/sites\/3\/2020\/12\/Migration-to-Magento-2.png\"\n                             alt=\"Migrering til Magento 2\"\n                             title=\"Migrering til Magento 2\"><\/a>\n                <\/div>\n                <div class=\"main_blockwedo_list_title\">\n                    <a href=\"\/dk\/opgrader-til-magento-2\/\">\n                        <h5>Migrering til Magento 2<\/h5><\/a>\n                <\/div>\n\n                <div class=\"main_blockwedo_list_text\">Migrering til Magento 2<\/div>\n            <\/li>\n            <li>\n                <div class=\"main_blockwedo_list_img\">\n                    <a href=\"\/dk\/magento-teknisk-seo-analyse\/\">\n                        <img decoding=\"async\" class=\"branwdo\" src=\"https:\/\/magecloud.agency\/dk\/wp-content\/uploads\/sites\/3\/2021\/12\/Site-Audit-magento.png\"\n                             alt=\"Magento Teknisk SEO Analyse\"\n                             title=\"Magento Teknisk SEO Analyse\"><\/a>\n                <\/div>\n                <div class=\"main_blockwedo_list_title\">\n                    <a href=\"\/dk\/magento-teknisk-seo-analyse\/\">\n                        <h5>Magento Teknisk SEO Analyse<\/h5><\/a>\n                <\/div>\n\n                <div class=\"main_blockwedo_list_text\">Magento Teknisk SEO Analyse<\/div>\n            <\/li>\n            <li>\n                <div class=\"main_blockwedo_list_img\">\n                    <a href=\"\/dk\/magento-design\/\">\n                        <img decoding=\"async\" class=\"branwdo\" src=\"https:\/\/magecloud.agency\/dk\/wp-content\/uploads\/sites\/3\/2020\/12\/Magento-Design.png\"\n                             alt=\"Magento Design\"\n                             title=\"Magento Design\"><\/a>\n                <\/div>\n                <div class=\"main_blockwedo_list_title\">\n                    <a href=\"\/dk\/magento-design\/\">\n                        <h5>Magento Design<\/h5><\/a>\n                <\/div>\n\n                <div class=\"main_blockwedo_list_text\">Magento Design<\/div>\n            <\/li>\n            <li>\n                <div class=\"main_blockwedo_list_img\">\n                    <a href=\"\/dk\/magento-udvikler\/\">\n                        <img decoding=\"async\" class=\"branwdo\" src=\"https:\/\/magecloud.agency\/dk\/wp-content\/uploads\/sites\/3\/2020\/12\/Magento-Development.png\"\n                             alt=\"Magento Udvikling\"\n                             title=\"Magento Udvikling\"><\/a>\n                <\/div>\n                <div class=\"main_blockwedo_list_title\">\n                    <a href=\"\/dk\/magento-udvikler\/\">\n                        <h5>Magento Udvikling<\/h5><\/a>\n                <\/div>\n\n                <div class=\"main_blockwedo_list_text\">Magento Udvikling<\/div>\n            <\/li>\n            <li>\n                <div class=\"main_blockwedo_list_img\">\n                    <a href=\"\/dk\/magento-seo-optimering\/\">\n                        <img decoding=\"async\" class=\"branwdo\" src=\"https:\/\/magecloud.agency\/dk\/wp-content\/uploads\/sites\/3\/2020\/12\/Magento-SEOSEM.png\"\n                             alt=\"Magento SEO\"\n                             title=\"Magento SEO\"><\/a>\n                <\/div>\n                <div class=\"main_blockwedo_list_title\">\n                    <a href=\"\/dk\/magento-seo-optimering\/\">\n                        <h5>Magento SEO<\/h5><\/a>\n                <\/div>\n\n                <div class=\"main_blockwedo_list_text\">Magento SEO<\/div>\n            <\/li>\n            <li>\n                <div class=\"main_blockwedo_list_img\">\n                    <a href=\"\/dk\/magento-hastighedsoptimering\/\">\n                        <img decoding=\"async\" class=\"branwdo\" src=\"https:\/\/magecloud.agency\/dk\/wp-content\/uploads\/sites\/3\/2020\/12\/Magento-Speed-Optimization.png\"\n                             alt=\"Magento Hastighedsoptimering\"\n                             title=\"Magento Hastighedsoptimering\"><\/a>\n                <\/div>\n                <div class=\"main_blockwedo_list_title\">\n                    <a href=\"\/dk\/magento-hastighedsoptimering\/\">\n                        <h5>Magento Hastighedsoptimering<\/h5><\/a>\n                <\/div>\n\n                <div class=\"main_blockwedo_list_text\">Magento Hastighedsoptimering<\/div>\n            <\/li>\n            <li>\n                <div class=\"main_blockwedo_list_img\">\n                    <a href=\"\/dk\/magento-sikkerhed\/\">\n                        <img decoding=\"async\" class=\"branwdo\" src=\"https:\/\/magecloud.agency\/dk\/wp-content\/uploads\/sites\/3\/2020\/12\/Magento-Security-Review.png\"\n                             alt=\"Magento Sikkerhed\"\n                             title=\"Magento Sikkerhed\"><\/a>\n                <\/div>\n                <div class=\"main_blockwedo_list_title\">\n                    <a href=\"\/dk\/magento-sikkerhed\/\">\n                        <h5>Magento Sikkerhed<\/h5><\/a>\n                <\/div>\n\n                <div class=\"main_blockwedo_list_text\">Magento Sikkerhed<\/div>\n            <\/li>\n            <li>\n                <div class=\"main_blockwedo_list_img\">\n                    <a href=\"\/dk\/magento-support-og-vedligeholdelse\/\">\n                        <img decoding=\"async\" class=\"branwdo\" src=\"https:\/\/magecloud.agency\/dk\/wp-content\/uploads\/sites\/3\/2021\/12\/Outgoing-support-magento.png\"\n                             alt=\"Magento Vedligeholdelse\"\n                             title=\"Magento Vedligeholdelse\"><\/a>\n                <\/div>\n                <div class=\"main_blockwedo_list_title\">\n                    <a href=\"\/dk\/magento-support-og-vedligeholdelse\/\">\n                        <h5>Magento Vedligeholdelse<\/h5><\/a>\n                <\/div>\n\n                <div class=\"main_blockwedo_list_text\">Magento Vedligeholdelse<\/div>\n            <\/li><\/ul><\/div>\n","protected":false},"excerpt":{"rendered":"Opgrader til Magento 2\u00a0 &nbsp; Migrering fra \u00e9n e-handelsplatform til en ny kan v\u00e6re en udfordrende proces for alle virksomhedsejere og eCommerce Managers. Mange sp\u00f8rger om, er det virkelig n\u00f8dvendigt at foretage en migrering til Magento 2, n\u00e5r man har Magento 1? Ja, det er det &#8211; for Magento 1 supporteres ikke l\u00e6ngere med sikkerhedsopdateringer&hellip;","protected":false},"author":1,"featured_media":0,"parent":0,"menu_order":8,"comment_status":"closed","ping_status":"closed","template":"","meta":{"_acf_changed":false,"inline_featured_image":false,"footnotes":""},"class_list":["post-267","page","type-page","status-publish","hentry"],"acf":[],"yoast_head":"<!-- This site is optimized with the Yoast SEO plugin v25.3 - https:\/\/yoast.com\/wordpress\/plugins\/seo\/ -->\n<title>Opgrader til Magento 2 | Migrer til Magento | 100% Fejlfri Datah\u00e5ndtering<\/title>\n<meta name=\"description\" content=\"\u00d8nsker du at opgrader til Magento 2? \u2713 Vi er eksperter i datah\u00e5ndtering og opdatering af Magento 1 til Magento 2\" \/>\n<meta name=\"robots\" content=\"index, follow, max-snippet:-1, max-image-preview:large, max-video-preview:-1\" \/>\n<link rel=\"canonical\" href=\"https:\/\/magecloud.agency\/dk\/opgrader-til-magento-2\/\" \/>\n<meta property=\"og:locale\" content=\"en_US\" \/>\n<meta property=\"og:type\" content=\"article\" \/>\n<meta property=\"og:title\" content=\"Opgrader til Magento 2 | Migrer til Magento | 100% Fejlfri Datah\u00e5ndtering\" \/>\n<meta property=\"og:description\" content=\"\u00d8nsker du at opgrader til Magento 2? \u2713 Vi er eksperter i datah\u00e5ndtering og opdatering af Magento 1 til Magento 2\" \/>\n<meta property=\"og:url\" content=\"https:\/\/magecloud.agency\/dk\/opgrader-til-magento-2\/\" \/>\n<meta property=\"og:site_name\" content=\"MageCloud DK\" \/>\n<meta property=\"article:modified_time\" content=\"2022-02-28T13:03:13+00:00\" \/>\n<meta property=\"og:image\" content=\"https:\/\/magecloud.agency\/wp-content\/uploads\/2020\/10\/Audit-of-extensions-M-3.png\" \/>\n<meta name=\"twitter:card\" content=\"summary_large_image\" \/>\n<meta name=\"twitter:label1\" content=\"Est. reading time\" \/>\n\t<meta name=\"twitter:data1\" content=\"5 minutes\" \/>\n<script type=\"application\/ld+json\" class=\"yoast-schema-graph\">{\"@context\":\"https:\/\/schema.org\",\"@graph\":[{\"@type\":\"WebPage\",\"@id\":\"https:\/\/magecloud.agency\/dk\/opgrader-til-magento-2\/\",\"url\":\"https:\/\/magecloud.agency\/dk\/opgrader-til-magento-2\/\",\"name\":\"Opgrader til Magento 2 | Migrer til Magento | 100% Fejlfri Datah\u00e5ndtering\",\"isPartOf\":{\"@id\":\"https:\/\/magecloud.agency\/dk\/#website\"},\"primaryImageOfPage\":{\"@id\":\"https:\/\/magecloud.agency\/dk\/opgrader-til-magento-2\/#primaryimage\"},\"image\":{\"@id\":\"https:\/\/magecloud.agency\/dk\/opgrader-til-magento-2\/#primaryimage\"},\"thumbnailUrl\":\"https:\/\/magecloud.agency\/wp-content\/uploads\/2020\/10\/Audit-of-extensions-M-3.png\",\"datePublished\":\"2019-08-16T11:19:04+00:00\",\"dateModified\":\"2022-02-28T13:03:13+00:00\",\"description\":\"\u00d8nsker du at opgrader til Magento 2? \u2713 Vi er eksperter i datah\u00e5ndtering og opdatering af Magento 1 til Magento 2\",\"inLanguage\":\"en-US\",\"potentialAction\":[{\"@type\":\"ReadAction\",\"target\":[\"https:\/\/magecloud.agency\/dk\/opgrader-til-magento-2\/\"]}]},{\"@type\":\"ImageObject\",\"inLanguage\":\"en-US\",\"@id\":\"https:\/\/magecloud.agency\/dk\/opgrader-til-magento-2\/#primaryimage\",\"url\":\"https:\/\/magecloud.agency\/wp-content\/uploads\/2020\/10\/Audit-of-extensions-M-3.png\",\"contentUrl\":\"https:\/\/magecloud.agency\/wp-content\/uploads\/2020\/10\/Audit-of-extensions-M-3.png\"},{\"@type\":\"WebSite\",\"@id\":\"https:\/\/magecloud.agency\/dk\/#website\",\"url\":\"https:\/\/magecloud.agency\/dk\/\",\"name\":\"MageCloud DK\",\"description\":\"Just another MageCloud Sites site\",\"potentialAction\":[{\"@type\":\"SearchAction\",\"target\":{\"@type\":\"EntryPoint\",\"urlTemplate\":\"https:\/\/magecloud.agency\/dk\/?s={search_term_string}\"},\"query-input\":{\"@type\":\"PropertyValueSpecification\",\"valueRequired\":true,\"valueName\":\"search_term_string\"}}],\"inLanguage\":\"en-US\"}]}<\/script>\n<!-- \/ Yoast SEO plugin. -->","yoast_head_json":{"title":"Opgrader til Magento 2 | Migrer til Magento | 100% Fejlfri Datah\u00e5ndtering","description":"\u00d8nsker du at opgrader til Magento 2? \u2713 Vi er eksperter i datah\u00e5ndtering og opdatering af Magento 1 til Magento 2","robots":{"index":"index","follow":"follow","max-snippet":"max-snippet:-1","max-image-preview":"max-image-preview:large","max-video-preview":"max-video-preview:-1"},"canonical":"https:\/\/magecloud.agency\/dk\/opgrader-til-magento-2\/","og_locale":"en_US","og_type":"article","og_title":"Opgrader til Magento 2 | Migrer til Magento | 100% Fejlfri Datah\u00e5ndtering","og_description":"\u00d8nsker du at opgrader til Magento 2? \u2713 Vi er eksperter i datah\u00e5ndtering og opdatering af Magento 1 til Magento 2","og_url":"https:\/\/magecloud.agency\/dk\/opgrader-til-magento-2\/","og_site_name":"MageCloud DK","article_modified_time":"2022-02-28T13:03:13+00:00","og_image":[{"url":"https:\/\/magecloud.agency\/wp-content\/uploads\/2020\/10\/Audit-of-extensions-M-3.png","type":"","width":"","height":""}],"twitter_card":"summary_large_image","twitter_misc":{"Est. reading time":"5 minutes"},"schema":{"@context":"https:\/\/schema.org","@graph":[{"@type":"WebPage","@id":"https:\/\/magecloud.agency\/dk\/opgrader-til-magento-2\/","url":"https:\/\/magecloud.agency\/dk\/opgrader-til-magento-2\/","name":"Opgrader til Magento 2 | Migrer til Magento | 100% Fejlfri Datah\u00e5ndtering","isPartOf":{"@id":"https:\/\/magecloud.agency\/dk\/#website"},"primaryImageOfPage":{"@id":"https:\/\/magecloud.agency\/dk\/opgrader-til-magento-2\/#primaryimage"},"image":{"@id":"https:\/\/magecloud.agency\/dk\/opgrader-til-magento-2\/#primaryimage"},"thumbnailUrl":"https:\/\/magecloud.agency\/wp-content\/uploads\/2020\/10\/Audit-of-extensions-M-3.png","datePublished":"2019-08-16T11:19:04+00:00","dateModified":"2022-02-28T13:03:13+00:00","description":"\u00d8nsker du at opgrader til Magento 2? \u2713 Vi er eksperter i datah\u00e5ndtering og opdatering af Magento 1 til Magento 2","inLanguage":"en-US","potentialAction":[{"@type":"ReadAction","target":["https:\/\/magecloud.agency\/dk\/opgrader-til-magento-2\/"]}]},{"@type":"ImageObject","inLanguage":"en-US","@id":"https:\/\/magecloud.agency\/dk\/opgrader-til-magento-2\/#primaryimage","url":"https:\/\/magecloud.agency\/wp-content\/uploads\/2020\/10\/Audit-of-extensions-M-3.png","contentUrl":"https:\/\/magecloud.agency\/wp-content\/uploads\/2020\/10\/Audit-of-extensions-M-3.png"},{"@type":"WebSite","@id":"https:\/\/magecloud.agency\/dk\/#website","url":"https:\/\/magecloud.agency\/dk\/","name":"MageCloud DK","description":"Just another MageCloud Sites site","potentialAction":[{"@type":"SearchAction","target":{"@type":"EntryPoint","urlTemplate":"https:\/\/magecloud.agency\/dk\/?s={search_term_string}"},"query-input":{"@type":"PropertyValueSpecification","valueRequired":true,"valueName":"search_term_string"}}],"inLanguage":"en-US"}]}},"_links":{"self":[{"href":"https:\/\/magecloud.agency\/dk\/wp-json\/wp\/v2\/pages\/267","targetHints":{"allow":["GET"]}}],"collection":[{"href":"https:\/\/magecloud.agency\/dk\/wp-json\/wp\/v2\/pages"}],"about":[{"href":"https:\/\/magecloud.agency\/dk\/wp-json\/wp\/v2\/types\/page"}],"author":[{"embeddable":true,"href":"https:\/\/magecloud.agency\/dk\/wp-json\/wp\/v2\/users\/1"}],"replies":[{"embeddable":true,"href":"https:\/\/magecloud.agency\/dk\/wp-json\/wp\/v2\/comments?post=267"}],"version-history":[{"count":49,"href":"https:\/\/magecloud.agency\/dk\/wp-json\/wp\/v2\/pages\/267\/revisions"}],"predecessor-version":[{"id":6634,"href":"https:\/\/magecloud.agency\/dk\/wp-json\/wp\/v2\/pages\/267\/revisions\/6634"}],"wp:attachment":[{"href":"https:\/\/magecloud.agency\/dk\/wp-json\/wp\/v2\/media?parent=267"}],"curies":[{"name":"wp","href":"https:\/\/api.w.org\/{rel}","templated":true}]}}